{"id":7,"date":"2016-11-12T14:09:37","date_gmt":"2016-11-12T13:09:37","guid":{"rendered":"http:\/\/zukunft.marienviertel.de\/?page_id=7"},"modified":"2019-09-20T15:35:46","modified_gmt":"2019-09-20T13:35:46","slug":"wir-ueber-uns","status":"publish","type":"page","link":"https:\/\/marienviertel.de\/zukunft\/?page_id=7","title":{"rendered":"Wir \u00fcber uns"},"content":{"rendered":"<p><a href=\"https:\/\/marienviertel.de\/zukunft\/wordpress\/wp-content\/uploads\/2016\/12\/Headerbild-theme-sixteen1.png\"><img loading=\"lazy\" decoding=\"async\" class=\"alignnone  wp-image-285\" src=\"https:\/\/marienviertel.de\/zukunft\/wordpress\/wp-content\/uploads\/2016\/12\/Headerbild-theme-sixteen1.png\" alt=\"\" width=\"480\" height=\"112\" srcset=\"https:\/\/marienviertel.de\/zukunft\/wordpress\/wp-content\/uploads\/2016\/12\/Headerbild-theme-sixteen1.png 1200w, https:\/\/marienviertel.de\/zukunft\/wordpress\/wp-content\/uploads\/2016\/12\/Headerbild-theme-sixteen1-300x70.png 300w, https:\/\/marienviertel.de\/zukunft\/wordpress\/wp-content\/uploads\/2016\/12\/Headerbild-theme-sixteen1-768x179.png 768w, https:\/\/marienviertel.de\/zukunft\/wordpress\/wp-content\/uploads\/2016\/12\/Headerbild-theme-sixteen1-1024x239.png 1024w\" sizes=\"auto, (max-width: 480px) 100vw, 480px\" \/><\/a><\/p>\n<p><em>Text: Stand Mitte 2018<\/em><\/p>\n<p><strong>Erste Ans\u00e4tze der B\u00fcrgerbeteiligung<\/strong> bei wichtigen Themen im Marienviertel zeigten sich nach einigen einschneidenden Ver\u00e4nderungen im Marienviertel:<\/p>\n<ul>\n<li><strong>1999<\/strong> schloss das Freibad; eine Initiative &#8222;PRO Freibad&#8220; formierte sich.<\/li>\n<li><strong>2014<\/strong> wurde in der G\u00e4lkenheide eine Fl\u00e4che als Windkraftkonzentrationszone in den Blick genommen.<\/li>\n<li><strong>2015<\/strong> scheiterten B\u00fcrgerbegehren und Ratsb\u00fcrgerentscheid zur Rettung der Wichernschule.<\/li>\n<li><strong>2016<\/strong> schloss die Gerhart-Hauptmann-Realschule.<\/li>\n<li><strong>2016<\/strong> wurde die Gro\u00dfbaustelle Bismarckstra\u00dfe eingerichtet, gleichzeitig der Umbau des Vorplatzes des alten Hervester Bahnhofs begonnen, beides verbunden mit enormen Einschr\u00e4nkungen\u00a0f\u00fcr die\u00a0Anwohner und Anlieger.<\/li>\n<\/ul>\n<p>Ein Initiativkreis &#8222;Zukunft Marienviertel&#8220; lud in der Folge zu einer ersten &#8218;B\u00fcrgerversammlung&#8216; in die Aula der Gerhart-Hauptmann-Realschule ein, der ca. 300 B\u00fcrger folgten. (Protokoll der Versammlung <strong><a href=\"http:\/\/marienviertel.de\/wp-content\/uploads\/2016\/02\/2016-02-16-Protokoll-ZukunftMarienviertel.pdf\">hier<\/a><\/strong>)<\/p>\n<p>Daraus gr\u00fcndete sich in der Folge die &#8222;Initiative Zukunft Marienviertel&#8220; zur Vorbereitung von Stadtteilgespr\u00e4chen mit\u00a0<strong>aktuell folgenden Arbeitsgruppen<\/strong>, deren Mitglieder sich nach Bedarf treffen:<\/p>\n<ul>\n<li>Windkraft in der G\u00e4lkenheide (AG)<\/li>\n<li>Folgenutzung Gerhart-Hauptmann-Schule (AG)<\/li>\n<li>Baustelle Bismarckstra\u00dfe\/Bahnhofsumfeld (AG)<\/li>\n<\/ul>\n<p>Eine <strong>Steuerungsgruppe<\/strong> koordiniert die Arbeit in diesen Themenbereichen; sie trifft sich regelm\u00e4\u00dfig einmal im Monat<\/p>\n<p>Ein zweites Stadtteilgespr\u00e4ch, dieses Mal im Pfarrheim St. Marien, fand dann am 10. November 2016 statt mit gut 180 interessierten Marienviertelern und G\u00e4sten von au\u00dferhalb. Das offizielle Protokoll:\u00a0<strong><a href=\"http:\/\/marienviertel.de\/zukunft\/wordpress\/wp-content\/uploads\/2016\/11\/2016-11-10-Protokoll-2.Stadtteilgespr%C3%A4ch.pdf\">http:\/\/marienviertel.de\/zukunft\/downloads\/<\/a><\/strong><\/p>\n<figure id=\"attachment_551\" aria-describedby=\"caption-attachment-551\" style=\"width: 640px\" class=\"wp-caption aligncenter\"><a href=\"http:\/\/marienviertel.de\/zukunft\/wordpress\/wp-content\/uploads\/2016\/11\/WhatsApp-Image-2017-02-09-at-21.43.17.jpeg\"><img loading=\"lazy\" decoding=\"async\" class=\"wp-image-551 size-large\" src=\"http:\/\/marienviertel.de\/zukunft\/wordpress\/wp-content\/uploads\/2016\/11\/WhatsApp-Image-2017-02-09-at-21.43.17-1024x576.jpeg\" width=\"640\" height=\"360\" srcset=\"https:\/\/marienviertel.de\/zukunft\/wordpress\/wp-content\/uploads\/2016\/11\/WhatsApp-Image-2017-02-09-at-21.43.17-1024x576.jpeg 1024w, https:\/\/marienviertel.de\/zukunft\/wordpress\/wp-content\/uploads\/2016\/11\/WhatsApp-Image-2017-02-09-at-21.43.17-300x169.jpeg 300w, https:\/\/marienviertel.de\/zukunft\/wordpress\/wp-content\/uploads\/2016\/11\/WhatsApp-Image-2017-02-09-at-21.43.17-768x432.jpeg 768w, https:\/\/marienviertel.de\/zukunft\/wordpress\/wp-content\/uploads\/2016\/11\/WhatsApp-Image-2017-02-09-at-21.43.17.jpeg 1600w\" sizes=\"auto, (max-width: 640px) 100vw, 640px\" \/><\/a><figcaption id=\"caption-attachment-551\" class=\"wp-caption-text\">spontanes &#8218;Handy-Pic&#8216; aus der Sitzung der Initiative am 9.2.2017; v.l.: Ulla Busch, Rolf Rommeswinkel, Hans Frerick, Michael Mergen, Dietrich Sell<\/figcaption><\/figure>\n<p><a href=\"https:\/\/marienviertel.de\/zukunft\/wordpress\/wp-content\/uploads\/2016\/11\/Schlagworte.jpg\"><img loading=\"lazy\" decoding=\"async\" class=\"wp-image-1137 size-medium alignleft\" src=\"https:\/\/marienviertel.de\/zukunft\/wordpress\/wp-content\/uploads\/2016\/11\/Schlagworte-300x292.jpg\" alt=\"\" width=\"300\" height=\"292\" srcset=\"https:\/\/marienviertel.de\/zukunft\/wordpress\/wp-content\/uploads\/2016\/11\/Schlagworte-300x292.jpg 300w, https:\/\/marienviertel.de\/zukunft\/wordpress\/wp-content\/uploads\/2016\/11\/Schlagworte-768x748.jpg 768w, https:\/\/marienviertel.de\/zukunft\/wordpress\/wp-content\/uploads\/2016\/11\/Schlagworte.jpg 770w\" sizes=\"auto, (max-width: 300px) 100vw, 300px\" \/><\/a>Ein Meilenstein in der Arbeit der Initiative war die <strong>Ideenwerkstatt &#8222;Zukunft Marienviertel&#8220;<\/strong> am 10. und 11. M\u00e4rz 2017. Gut 60 Marienvierteler<em>innen und Vertreter<\/em>innen der Stadt setzten sich am Freitagnachmittag und am Samstag ganzt\u00e4gig zusammen, um Ideen f\u00fcr die k\u00fcnftige Gestaltung des Quartiers zu entwickeln. Der Workshop wurde professionell moderiert von einem Dortmunder Planungsb\u00fcro f\u00fcr Stadtentwicklung. Die Dokumentation der Ideenwerkstatt finden Sie <strong><a href=\"https:\/\/marienviertel.de\/zukunft\/wordpress\/wp-content\/uploads\/2017\/05\/Doku-Ideenwerkst.MV-17.04.17.pdf\">hier<\/a><\/strong>.<\/p>\n<hr \/>\n<p>Nach intensiver Strukturierung der Ergebnisse der Ideenwerkstatt erarbeiten Verwaltung und Initiative einen &#8218;Letter of intent&#8216;, eine Absichtserkl\u00e4rung zur k\u00fcnftigen Zusammenarbeit bei der st\u00e4dtebaulichen Entwicklung des Gel\u00e4ndes der fr\u00fcheren Gerhart-Hauptmann-Schule:\u00a0 <strong>https:\/\/marienviertel.de\/zukunft\/letter-of-intent\/\u00a0<\/strong><\/p>\n<p>Dieses Novum in Dorsten, eine aktive, konstruktive\u00a0 B\u00fcrgerbeteiligung in der Quartiersentwicklung au\u00dferhalb der planungsrechtlich vorgeschriebenen Beteiligung, wurde vom Rat der Stadt einstimmig begr\u00fc\u00dft.<\/p>\n<hr \/>\n<p>Die Initiative Zukunft Marienviertel ist eine <u>f\u00fcr alle Interessierten offene Gruppe<\/u>. Mitglieder verschiedener religi\u00f6ser Gemeinschaften und Parteien arbeiten als engagierte B\u00fcrger mit, nicht als Interessenvertreter; die Initiativgruppe ist also <u>religi\u00f6s und politisch unabh\u00e4ngig<\/u>. Dass viele Sitzungen rund um die Marienkirche stattfinden, hat seine Gr\u00fcnde in den dort zur Verf\u00fcgung stehenden R\u00e4umlichkeiten und der zentralen Lage dieser dem Viertel den Namen gebenden Kirche.<\/p>\n<hr \/>\n<p>Zu folgenden weiteren Themen suchen wir Engagierte und Interessierte zur <strong>Bildung von Arbeitsgruppen<\/strong>:<\/p>\n<ul>\n<li>Verkehrskonzept f\u00fcr das ganze Marienviertel<\/li>\n<li>Ehemaliges Freibadgel\u00e4nde<\/li>\n<li>Hammbachbr\u00fccke zum Blauen See, Br\u00fccke \u00fcber die Wienbecke am Luner Weg<\/li>\n<li>Spielpl\u00e4tze<\/li>\n<li>Nutzung von Gewerbefl\u00e4chen<\/li>\n<\/ul>\n<p><strong>\u00a0Der Initiativkreis<\/strong><\/p>\n<ul>\n<li>trifft sich regelm\u00e4\u00dfig zum Austausch<\/li>\n<li>bildet sich weiter (\u201eKonzeptwerkstatt\u201c 02.07.2016\/10.09.2016)<\/li>\n<li>besucht vergleichbare Situationen<\/li>\n<li>ist vernetzt mit Stadt und <strong><a href=\"https:\/\/www.hervestkonferenz.de\">Hervestkonferenz<\/a><\/strong><\/li>\n<li>ist vernetzt mit einem Forschungsprojekt<\/li>\n<li>ist offen f\u00fcr neue Beteiligung und Themen<\/li>\n<\/ul>\n<figure id=\"attachment_552\" aria-describedby=\"caption-attachment-552\" style=\"width: 640px\" class=\"wp-caption aligncenter\"><img loading=\"lazy\" decoding=\"async\" class=\"wp-image-552 size-large\" src=\"http:\/\/marienviertel.de\/zukunft\/wordpress\/wp-content\/uploads\/2016\/11\/WhatsApp-Image-2017-02-09-at-21.43.22-1024x576.jpeg\" width=\"640\" height=\"360\" srcset=\"https:\/\/marienviertel.de\/zukunft\/wordpress\/wp-content\/uploads\/2016\/11\/WhatsApp-Image-2017-02-09-at-21.43.22-1024x576.jpeg 1024w, https:\/\/marienviertel.de\/zukunft\/wordpress\/wp-content\/uploads\/2016\/11\/WhatsApp-Image-2017-02-09-at-21.43.22-300x169.jpeg 300w, https:\/\/marienviertel.de\/zukunft\/wordpress\/wp-content\/uploads\/2016\/11\/WhatsApp-Image-2017-02-09-at-21.43.22-768x432.jpeg 768w, https:\/\/marienviertel.de\/zukunft\/wordpress\/wp-content\/uploads\/2016\/11\/WhatsApp-Image-2017-02-09-at-21.43.22.jpeg 1600w\" sizes=\"auto, (max-width: 640px) 100vw, 640px\" \/><figcaption id=\"caption-attachment-552\" class=\"wp-caption-text\">spontanes &#8218;Handy-Pic&#8216; aus der Sitzung der Initiative am 9.2.2017; v.l.: Michael Mergen, Dietrich Sell, Maria Hoffrogge, Wolfgang Hoffrogge, Johannes Wulf, Ulrike Sch\u00fcrmann<\/figcaption><\/figure>\n<p><strong>Die Arbeitsgruppen<\/strong><\/p>\n<ul>\n<li>treffen sich nach Bedarf,<\/li>\n<li>arbeiten unabh\u00e4ngig,<\/li>\n<li>d\u00fcrfen Unterst\u00fctzung abrufen,<\/li>\n<li>sind offen f\u00fcr weitere Beteiligung.<\/li>\n<\/ul>\n<p>Der <strong>Informationsfluss<\/strong> erfolgt<\/p>\n<p><strong>intern<\/strong><\/p>\n<ul>\n<li>\u00fcber E-Mail-Verteiler<\/li>\n<li>innerhalb der AGs<\/li>\n<li>R\u00fcckmeldungen vom und zum Initiativkreis \u00fcber <strong><a href=\"mailto:Zukunft@marienviertel.de\">zukunft@marienviertel.de<\/a><\/strong><\/li>\n<\/ul>\n<p><strong>extern<\/strong><\/p>\n<ul>\n<li>\u00fcber <strong><a href=\"https:\/\/www.marienviertel.de\">www.marienviertel.de<\/a><\/strong><\/li>\n<li>\u00fcber <strong><a href=\"https:\/\/Zukunft.Marienviertel.de\">Zukunft.marienviertel.de<\/a><\/strong><\/li>\n<li>\u00fcber <strong><a href=\"https:\/\/www.facebook.com\/ZukunftMarienviertel\/\">https:\/\/www.facebook.com\/ZukunftMarienviertel\/<\/a><\/strong><\/li>\n<li>\u00fcber Pressekontakte<\/li>\n<\/ul>\n<p><strong>B\u00fcrgerversammlungen bzw. Stadtteilgespr\u00e4che<\/strong> dienen<\/p>\n<ul>\n<li>zur Vorstellung der Arbeit in den Gruppem<\/li>\n<li>dem Austausch mit den Bewohnern des Marienviertels<\/li>\n<li>der Einladung zur Mitarbeit<\/li>\n<\/ul>\n<p><strong>Sprecherin der Initiative<\/strong>:<br \/>\nMaria Hoffrogge<\/p>\n<p><strong>AG Areal Gerhart-Hauptmann-Schule<\/strong>:<br \/>\nWerner Springer, Dietrich Sell, Wolfgang Hoffrogge<\/p>\n<p><strong>AG Bismarckstra\u00dfe\/Bahnhofsumfeld<\/strong>:<br \/>\nJens Vogel, Ulla Busch, Rolf Rommeswinkel<\/p>\n<p><strong>AG Windkraft<\/strong>:<br \/>\nRalf Schreiber, Barbara Roring-K\u00f6nig, Maria Hoffrogge<\/p>\n<figure id=\"attachment_550\" aria-describedby=\"caption-attachment-550\" style=\"width: 640px\" class=\"wp-caption aligncenter\"><a href=\"http:\/\/marienviertel.de\/zukunft\/wordpress\/wp-content\/uploads\/2016\/11\/WhatsApp-Image-2017-02-09-at-21.43.08.jpeg\"><img loading=\"lazy\" decoding=\"async\" class=\"wp-image-550 size-large\" src=\"http:\/\/marienviertel.de\/zukunft\/wordpress\/wp-content\/uploads\/2016\/11\/WhatsApp-Image-2017-02-09-at-21.43.08-1024x768.jpeg\" alt=\"\" width=\"640\" height=\"480\" srcset=\"https:\/\/marienviertel.de\/zukunft\/wordpress\/wp-content\/uploads\/2016\/11\/WhatsApp-Image-2017-02-09-at-21.43.08-1024x768.jpeg 1024w, https:\/\/marienviertel.de\/zukunft\/wordpress\/wp-content\/uploads\/2016\/11\/WhatsApp-Image-2017-02-09-at-21.43.08-300x225.jpeg 300w, https:\/\/marienviertel.de\/zukunft\/wordpress\/wp-content\/uploads\/2016\/11\/WhatsApp-Image-2017-02-09-at-21.43.08-768x576.jpeg 768w, https:\/\/marienviertel.de\/zukunft\/wordpress\/wp-content\/uploads\/2016\/11\/WhatsApp-Image-2017-02-09-at-21.43.08.jpeg 1296w\" sizes=\"auto, (max-width: 640px) 100vw, 640px\" \/><\/a><figcaption id=\"caption-attachment-550\" class=\"wp-caption-text\">spontanes &#8218;Gruppen-Selfie&#8216; aus der Sitzung der Initiative am 9.2.2017; v.l.: Jens Vogel, Barbara Roring-K\u00f6nig, Ralf Schreiber, Ulla Busch<\/figcaption><\/figure>\n","protected":false},"excerpt":{"rendered":"<p>Text: Stand Mitte 2018 Erste Ans\u00e4tze der B\u00fcrgerbeteiligung bei wichtigen Themen im Marienviertel zeigten sich nach einigen einschneidenden Ver\u00e4nderungen im [&hellip;]<\/p>\n","protected":false},"author":1,"featured_media":0,"parent":0,"menu_order":10,"comment_status":"closed","ping_status":"closed","template":"","meta":{"jetpack_post_was_ever_published":false,"footnotes":""},"class_list":["post-7","page","type-page","status-publish","hentry"],"yoast_head":"<!-- This site is optimized with the Yoast SEO plugin v26.7 - https:\/\/yoast.com\/wordpress\/plugins\/seo\/ -->\n<title>Wir \u00fcber uns - Initiative Zukunft Marienviertel<\/title>\n<meta name=\"robots\" content=\"index, follow, max-snippet:-1, max-image-preview:large, max-video-preview:-1\" \/>\n<link rel=\"canonical\" href=\"https:\/\/marienviertel.de\/zukunft\/?page_id=7\" \/>\n<meta property=\"og:locale\" content=\"de_DE\" \/>\n<meta property=\"og:type\" content=\"article\" \/>\n<meta property=\"og:title\" content=\"Wir \u00fcber uns - Initiative Zukunft Marienviertel\" \/>\n<meta property=\"og:description\" content=\"Text: Stand Mitte 2018 Erste Ans\u00e4tze der B\u00fcrgerbeteiligung bei wichtigen Themen im Marienviertel zeigten sich nach einigen einschneidenden Ver\u00e4nderungen im [&hellip;]\" \/>\n<meta property=\"og:url\" content=\"https:\/\/marienviertel.de\/zukunft\/?page_id=7\" \/>\n<meta property=\"og:site_name\" content=\"Initiative Zukunft Marienviertel\" \/>\n<meta property=\"article:publisher\" content=\"http:\/\/www.facebook.com\/zukunftmarienviertel\" \/>\n<meta property=\"article:modified_time\" content=\"2019-09-20T13:35:46+00:00\" \/>\n<meta property=\"og:image\" content=\"https:\/\/marienviertel.de\/zukunft\/wordpress\/wp-content\/uploads\/2016\/12\/Headerbild-theme-sixteen1.png\" \/>\n<meta name=\"twitter:card\" content=\"summary_large_image\" \/>\n<meta name=\"twitter:label1\" content=\"Gesch\u00e4tzte Lesezeit\" \/>\n\t<meta name=\"twitter:data1\" content=\"3\u00a0Minuten\" \/>\n<script type=\"application\/ld+json\" class=\"yoast-schema-graph\">{\"@context\":\"https:\/\/schema.org\",\"@graph\":[{\"@type\":\"WebPage\",\"@id\":\"https:\/\/marienviertel.de\/zukunft\/?page_id=7\",\"url\":\"https:\/\/marienviertel.de\/zukunft\/?page_id=7\",\"name\":\"Wir \u00fcber uns - Initiative Zukunft Marienviertel\",\"isPartOf\":{\"@id\":\"https:\/\/marienviertel.de\/zukunft\/#website\"},\"primaryImageOfPage\":{\"@id\":\"https:\/\/marienviertel.de\/zukunft\/?page_id=7#primaryimage\"},\"image\":{\"@id\":\"https:\/\/marienviertel.de\/zukunft\/?page_id=7#primaryimage\"},\"thumbnailUrl\":\"https:\/\/marienviertel.de\/zukunft\/wordpress\/wp-content\/uploads\/2016\/12\/Headerbild-theme-sixteen1.png\",\"datePublished\":\"2016-11-12T13:09:37+00:00\",\"dateModified\":\"2019-09-20T13:35:46+00:00\",\"breadcrumb\":{\"@id\":\"https:\/\/marienviertel.de\/zukunft\/?page_id=7#breadcrumb\"},\"inLanguage\":\"de\",\"potentialAction\":[{\"@type\":\"ReadAction\",\"target\":[\"https:\/\/marienviertel.de\/zukunft\/?page_id=7\"]}]},{\"@type\":\"ImageObject\",\"inLanguage\":\"de\",\"@id\":\"https:\/\/marienviertel.de\/zukunft\/?page_id=7#primaryimage\",\"url\":\"https:\/\/marienviertel.de\/zukunft\/wordpress\/wp-content\/uploads\/2016\/12\/Headerbild-theme-sixteen1.png\",\"contentUrl\":\"https:\/\/marienviertel.de\/zukunft\/wordpress\/wp-content\/uploads\/2016\/12\/Headerbild-theme-sixteen1.png\",\"width\":1200,\"height\":280},{\"@type\":\"BreadcrumbList\",\"@id\":\"https:\/\/marienviertel.de\/zukunft\/?page_id=7#breadcrumb\",\"itemListElement\":[{\"@type\":\"ListItem\",\"position\":1,\"name\":\"Home\",\"item\":\"https:\/\/marienviertel.de\/zukunft\/\"},{\"@type\":\"ListItem\",\"position\":2,\"name\":\"Wir \u00fcber uns\"}]},{\"@type\":\"WebSite\",\"@id\":\"https:\/\/marienviertel.de\/zukunft\/#website\",\"url\":\"https:\/\/marienviertel.de\/zukunft\/\",\"name\":\"Initiative Zukunft Marienviertel\",\"description\":\"\",\"publisher\":{\"@id\":\"https:\/\/marienviertel.de\/zukunft\/#organization\"},\"potentialAction\":[{\"@type\":\"SearchAction\",\"target\":{\"@type\":\"EntryPoint\",\"urlTemplate\":\"https:\/\/marienviertel.de\/zukunft\/?s={search_term_string}\"},\"query-input\":{\"@type\":\"PropertyValueSpecification\",\"valueRequired\":true,\"valueName\":\"search_term_string\"}}],\"inLanguage\":\"de\"},{\"@type\":\"Organization\",\"@id\":\"https:\/\/marienviertel.de\/zukunft\/#organization\",\"name\":\"Initiative Zukunft Marienviertel\",\"url\":\"https:\/\/marienviertel.de\/zukunft\/\",\"logo\":{\"@type\":\"ImageObject\",\"inLanguage\":\"de\",\"@id\":\"https:\/\/marienviertel.de\/zukunft\/#\/schema\/logo\/image\/\",\"url\":\"https:\/\/marienviertel.de\/zukunft\/wordpress\/wp-content\/uploads\/2017\/12\/cropped-cropped-Headerbild1-e1512313986382-300x70.jpg\",\"contentUrl\":\"https:\/\/marienviertel.de\/zukunft\/wordpress\/wp-content\/uploads\/2017\/12\/cropped-cropped-Headerbild1-e1512313986382-300x70.jpg\",\"width\":300,\"height\":70,\"caption\":\"Initiative Zukunft Marienviertel\"},\"image\":{\"@id\":\"https:\/\/marienviertel.de\/zukunft\/#\/schema\/logo\/image\/\"},\"sameAs\":[\"http:\/\/www.facebook.com\/zukunftmarienviertel\"]}]}<\/script>\n<!-- \/ Yoast SEO plugin. -->","yoast_head_json":{"title":"Wir \u00fcber uns - Initiative Zukunft Marienviertel","robots":{"index":"index","follow":"follow","max-snippet":"max-snippet:-1","max-image-preview":"max-image-preview:large","max-video-preview":"max-video-preview:-1"},"canonical":"https:\/\/marienviertel.de\/zukunft\/?page_id=7","og_locale":"de_DE","og_type":"article","og_title":"Wir \u00fcber uns - Initiative Zukunft Marienviertel","og_description":"Text: Stand Mitte 2018 Erste Ans\u00e4tze der B\u00fcrgerbeteiligung bei wichtigen Themen im Marienviertel zeigten sich nach einigen einschneidenden Ver\u00e4nderungen im [&hellip;]","og_url":"https:\/\/marienviertel.de\/zukunft\/?page_id=7","og_site_name":"Initiative Zukunft Marienviertel","article_publisher":"http:\/\/www.facebook.com\/zukunftmarienviertel","article_modified_time":"2019-09-20T13:35:46+00:00","og_image":[{"url":"https:\/\/marienviertel.de\/zukunft\/wordpress\/wp-content\/uploads\/2016\/12\/Headerbild-theme-sixteen1.png","type":"","width":"","height":""}],"twitter_card":"summary_large_image","twitter_misc":{"Gesch\u00e4tzte Lesezeit":"3\u00a0Minuten"},"schema":{"@context":"https:\/\/schema.org","@graph":[{"@type":"WebPage","@id":"https:\/\/marienviertel.de\/zukunft\/?page_id=7","url":"https:\/\/marienviertel.de\/zukunft\/?page_id=7","name":"Wir \u00fcber uns - Initiative Zukunft Marienviertel","isPartOf":{"@id":"https:\/\/marienviertel.de\/zukunft\/#website"},"primaryImageOfPage":{"@id":"https:\/\/marienviertel.de\/zukunft\/?page_id=7#primaryimage"},"image":{"@id":"https:\/\/marienviertel.de\/zukunft\/?page_id=7#primaryimage"},"thumbnailUrl":"https:\/\/marienviertel.de\/zukunft\/wordpress\/wp-content\/uploads\/2016\/12\/Headerbild-theme-sixteen1.png","datePublished":"2016-11-12T13:09:37+00:00","dateModified":"2019-09-20T13:35:46+00:00","breadcrumb":{"@id":"https:\/\/marienviertel.de\/zukunft\/?page_id=7#breadcrumb"},"inLanguage":"de","potentialAction":[{"@type":"ReadAction","target":["https:\/\/marienviertel.de\/zukunft\/?page_id=7"]}]},{"@type":"ImageObject","inLanguage":"de","@id":"https:\/\/marienviertel.de\/zukunft\/?page_id=7#primaryimage","url":"https:\/\/marienviertel.de\/zukunft\/wordpress\/wp-content\/uploads\/2016\/12\/Headerbild-theme-sixteen1.png","contentUrl":"https:\/\/marienviertel.de\/zukunft\/wordpress\/wp-content\/uploads\/2016\/12\/Headerbild-theme-sixteen1.png","width":1200,"height":280},{"@type":"BreadcrumbList","@id":"https:\/\/marienviertel.de\/zukunft\/?page_id=7#breadcrumb","itemListElement":[{"@type":"ListItem","position":1,"name":"Home","item":"https:\/\/marienviertel.de\/zukunft\/"},{"@type":"ListItem","position":2,"name":"Wir \u00fcber uns"}]},{"@type":"WebSite","@id":"https:\/\/marienviertel.de\/zukunft\/#website","url":"https:\/\/marienviertel.de\/zukunft\/","name":"Initiative Zukunft Marienviertel","description":"","publisher":{"@id":"https:\/\/marienviertel.de\/zukunft\/#organization"},"potentialAction":[{"@type":"SearchAction","target":{"@type":"EntryPoint","urlTemplate":"https:\/\/marienviertel.de\/zukunft\/?s={search_term_string}"},"query-input":{"@type":"PropertyValueSpecification","valueRequired":true,"valueName":"search_term_string"}}],"inLanguage":"de"},{"@type":"Organization","@id":"https:\/\/marienviertel.de\/zukunft\/#organization","name":"Initiative Zukunft Marienviertel","url":"https:\/\/marienviertel.de\/zukunft\/","logo":{"@type":"ImageObject","inLanguage":"de","@id":"https:\/\/marienviertel.de\/zukunft\/#\/schema\/logo\/image\/","url":"https:\/\/marienviertel.de\/zukunft\/wordpress\/wp-content\/uploads\/2017\/12\/cropped-cropped-Headerbild1-e1512313986382-300x70.jpg","contentUrl":"https:\/\/marienviertel.de\/zukunft\/wordpress\/wp-content\/uploads\/2017\/12\/cropped-cropped-Headerbild1-e1512313986382-300x70.jpg","width":300,"height":70,"caption":"Initiative Zukunft Marienviertel"},"image":{"@id":"https:\/\/marienviertel.de\/zukunft\/#\/schema\/logo\/image\/"},"sameAs":["http:\/\/www.facebook.com\/zukunftmarienviertel"]}]}},"jetpack_sharing_enabled":true,"jetpack_shortlink":"https:\/\/wp.me\/P86m9a-7","_links":{"self":[{"href":"https:\/\/marienviertel.de\/zukunft\/index.php?rest_route=\/wp\/v2\/pages\/7","targetHints":{"allow":["GET"]}}],"collection":[{"href":"https:\/\/marienviertel.de\/zukunft\/index.php?rest_route=\/wp\/v2\/pages"}],"about":[{"href":"https:\/\/marienviertel.de\/zukunft\/index.php?rest_route=\/wp\/v2\/types\/page"}],"author":[{"embeddable":true,"href":"https:\/\/marienviertel.de\/zukunft\/index.php?rest_route=\/wp\/v2\/users\/1"}],"replies":[{"embeddable":true,"href":"https:\/\/marienviertel.de\/zukunft\/index.php?rest_route=%2Fwp%2Fv2%2Fcomments&post=7"}],"version-history":[{"count":30,"href":"https:\/\/marienviertel.de\/zukunft\/index.php?rest_route=\/wp\/v2\/pages\/7\/revisions"}],"predecessor-version":[{"id":3570,"href":"https:\/\/marienviertel.de\/zukunft\/index.php?rest_route=\/wp\/v2\/pages\/7\/revisions\/3570"}],"wp:attachment":[{"href":"https:\/\/marienviertel.de\/zukunft\/index.php?rest_route=%2Fwp%2Fv2%2Fmedia&parent=7"}],"curies":[{"name":"wp","href":"https:\/\/api.w.org\/{rel}","templated":true}]}}