{"id":4422,"date":"2021-11-23T16:01:51","date_gmt":"2021-11-23T15:01:51","guid":{"rendered":"https:\/\/marienviertel.de\/zukunft\/?page_id=4422"},"modified":"2021-11-28T18:17:10","modified_gmt":"2021-11-28T17:17:10","slug":"zoom","status":"publish","type":"page","link":"https:\/\/marienviertel.de\/zukunft\/?page_id=4422","title":{"rendered":"Digitale Marienviertel-Konferenz"},"content":{"rendered":"<p><span style=\"font-size: 14pt;\"><img loading=\"lazy\" decoding=\"async\" class=\"alignnone size-full wp-image-4414\" src=\"https:\/\/marienviertel.de\/zukunft\/wordpress\/wp-content\/uploads\/2021\/11\/alle-Wappen.png\" alt=\"\" width=\"600\" height=\"450\" srcset=\"https:\/\/marienviertel.de\/zukunft\/wordpress\/wp-content\/uploads\/2021\/11\/alle-Wappen.png 600w, https:\/\/marienviertel.de\/zukunft\/wordpress\/wp-content\/uploads\/2021\/11\/alle-Wappen-300x225.png 300w\" sizes=\"auto, (max-width: 600px) 100vw, 600px\" \/><\/span><\/p>\n<p><span style=\"font-size: 14pt;\">Die Initiative Zukunft Marienviertel l\u00e4dt Sie als B\u00fcrgerinnen und B\u00fcrger des Marienviertels zu einer Online-Quartierskonferenz mit vielen interessanten Themen ein.<\/span><br \/>\n<span style=\"font-size: 14pt;\">F\u00fchrende Vertreter*innen der Stadt Dorsten haben ihre Teilnahme zugesagt.<\/span><br \/>\n<span style=\"font-size: 14pt;\">Die aktuelle Entwicklung der Pandemie macht eine Pr\u00e4senz-Veranstaltung \u2013 wie wir sie ja schon lange geplant haben \u2013 aus unserer Sicht nicht verantwortbar; bei n\u00e4chster Gelegenheit werden wir es wieder versuchen; wir freuen uns darauf!<\/span><\/p>\n<p><strong><span style=\"font-size: 14pt;\">Geplant ist eine Zoom-Konferenz.<\/span><\/strong><\/p>\n<p><span style=\"font-size: 14pt;\">F\u00fcr die Teilnahme ben\u00f6tigen Sie eine entsprechende <strong>Software<\/strong>, abh\u00e4ngig von dem Ger\u00e4t, mit dem Sie teilnehmen wollen, und einen <strong>Link zur Konferenz<\/strong>.<\/span><\/p>\n<ul>\n<li id=\"download_client_title\" class=\"title\"><span style=\"font-size: 14pt;\">Zoom-Client f\u00fcr Meetings (f\u00fcr PC)<br \/>\n<\/span>Der Webbrowser-Client wird automatisch heruntergeladen, wenn Sie Ihr erstes Zoom-Meeting er\u00f6ffnen oder an einem solchen teilnehmen, und steht hier auch zum manuellen Download bereit. <a class=\"btn download\" href=\"https:\/\/zoom.us\/client\/5.8.4.1736\/ZoomInstaller.exe?archType=x64\" aria-describedby=\"download_client_title\" data-on-event=\"send,event,download,click-zoomclient-button,Download Zoom Client\">Download<\/a><\/li>\n<\/ul>\n<div>\n<div class=\"down-section mobile-app\">\n<div class=\"container\">\n<ul>\n<li class=\"title\"><span style=\"font-size: 14pt;\">Zoom-Mobile-Apps (f\u00fcr Smartphone, Tablet, iPhone, iPad)<br \/>\n<\/span>Meetings er\u00f6ffnen, teilnehmen und planen; Gruppentext, Bilder und Push-to-Talk-Nachrichten auf mobile Ger\u00e4te senden.<br \/>\nHerunterladen in<br \/>\n<span style=\"color: #ffffff;\">&#8230;&#8230;..<\/span><img loading=\"lazy\" decoding=\"async\" class=\"alignnone wp-image-4476\" src=\"https:\/\/marienviertel.de\/zukunft\/wordpress\/wp-content\/uploads\/2021\/11\/app-storeDownload.jpg\" alt=\"\" width=\"45\" height=\"45\" srcset=\"https:\/\/marienviertel.de\/zukunft\/wordpress\/wp-content\/uploads\/2021\/11\/app-storeDownload.jpg 225w, https:\/\/marienviertel.de\/zukunft\/wordpress\/wp-content\/uploads\/2021\/11\/app-storeDownload-150x150.jpg 150w\" sizes=\"auto, (max-width: 45px) 100vw, 45px\" \/> \u00a0\u00a0 \u00a0\u00a0 <strong><strong><a href=\"https:\/\/itunes.apple.com\/us\/app\/id546505307\" target=\"_blank\" rel=\"noopener\">\u00a0App Store<\/a><\/strong><\/strong><strong><br \/>\n<a href=\"https:\/\/itunes.apple.com\/us\/app\/id546505307\" target=\"_blank\" rel=\"noopener\"><img loading=\"lazy\" decoding=\"async\" class=\"alignnone wp-image-4474\" src=\"https:\/\/marienviertel.de\/zukunft\/wordpress\/wp-content\/uploads\/2021\/11\/google.jpg\" alt=\"\" width=\"100\" height=\"56\" srcset=\"https:\/\/marienviertel.de\/zukunft\/wordpress\/wp-content\/uploads\/2021\/11\/google.jpg 1280w, https:\/\/marienviertel.de\/zukunft\/wordpress\/wp-content\/uploads\/2021\/11\/google-300x169.jpg 300w, https:\/\/marienviertel.de\/zukunft\/wordpress\/wp-content\/uploads\/2021\/11\/google-1024x576.jpg 1024w, https:\/\/marienviertel.de\/zukunft\/wordpress\/wp-content\/uploads\/2021\/11\/google-768x432.jpg 768w\" sizes=\"auto, (max-width: 100px) 100vw, 100px\" \/><\/a><a href=\"https:\/\/play.google.com\/store\/apps\/details?id=us.zoom.videomeetings\" target=\"_blank\" rel=\"noopener\">Google Play<\/a><\/strong><\/li>\n<\/ul>\n<\/div>\n<\/div>\n<p>Weitere Informationen zu Download, Installation und Anmeldung finden Sie unter <strong><a href=\"https:\/\/zoom.us\/download\" target=\"_blank\" rel=\"noopener\">https:\/\/zoom.us\/download <\/a><\/strong>und an vielen anderen Stellen im Internet<\/p>\n<div class=\"down-section\">\n<h2 class=\"container\"><span style=\"font-size: 14pt;\">Link zur Konferenz (Meeting-ID)<\/span><\/h2>\n<div>Den Link (als Best\u00e4tigung Ihrer Anmeldung) erhalten Sie sp\u00e4testens einen Tag vor der Konferenz, wenn unsere Vorbereitungen abgeschlossen sind.<br \/>\nSenden Sie dazu eine E-Mail an<strong> <a href=\"mailto:zoom@zukunft.marienviertel.de?subject=Anmeldung Digitale Marienviertelkonferenz\" target=\"_blank\" rel=\"noopener\">zoom@zukunft.marienviertel.de<\/a> <\/strong>mit Ihrem Namen und dem Betreff &#8222;Anmeldung Digitale Marienviertelkonferenz&#8220;.<br \/>\n<span style=\"font-size: 12pt;\">Achten Sie bitte auch auf Posteing\u00e4nge in Ihrem SPAM-Ordner!<\/span><\/div>\n<div><\/div>\n<h2><span style=\"font-size: 14pt;\"><strong>Datenschutz-Hinweise:<\/strong><\/span><\/h2>\n<ul>\n<li><strong><strong>Wir versichern, dass wir diese Mailadresse ausschlie\u00dflich f\u00fcr diese Online-Konferenz verwenden, sie weder weitergeben noch f\u00fcr einen anderen Zweck benutzen und Ihre Anmelde-E-Mail nach der Konferenz sicher l\u00f6schen werden.<\/strong><\/strong><\/li>\n<li><strong><strong>Mit Anmeldung und Teilnahme erkl\u00e4ren Sie sich mit einem Video-Mitschnitt der Veranstaltung einverstanden.<\/strong><\/strong><\/li>\n<li><strong><strong><span style=\"color: #ff0000;\">Bitte beachten Sie unbedingt, dass Sie mit der Teilnahme an dieser Videokonferenz zur Kenntnis genommen und zugestimmt haben, dass Ihr Name, ihre Wortbeitr\u00e4ge sowie Ihr Kamerabild \u2013 sofern aktiviert \u2013 somit f\u00fcr alle Konferenzteilnehmer*innen h\u00f6r- bzw. sichtbar sind<\/span>. Wenn Sie dies ausdr\u00fccklich nicht m\u00f6chten, aber gleichwohl an der Zoom-Konferenz teilnehmen wollen, dann sehen Sie bitte von der Namensnennung und der Aktivierung der Kamera ab.<\/strong><\/strong><\/li>\n<li><strong>Man kann die Digitale Marienviertelkonferenz auch als Youtube-Livestream passiv nachverfolgen: <a href=\"http:\/\/www.dorsten.de\/youtube\">www.dorsten.de\/youtube.\u00a0<\/a><\/strong><br \/>\n<strong>Diese M\u00f6glichkeit steht allen Interessierten offen, die einer Ver\u00f6ffentlichung ihrer Wortbeitr\u00e4ge im Livestream nicht zugestimmt haben. Sie k\u00f6nnen in dieser Form jedoch dann nur \u201eh\u00f6rend\u201c teilnehmen und keine Fragen stellen.<\/strong><\/li>\n<\/ul>\n<div><\/div>\n<h2><span style=\"font-size: 14pt;\">Newsletter der Initiative Zukunft Marienviertel<\/span><\/h2>\n<div>Diese Meeting-ID erhalten Sie automatisch, wenn Sie sich f\u00fcr regelm\u00e4\u00dfige Informationen \u00fcber die Aktivit\u00e4ten der Initiative Zukunft Marienviertel interessieren und unseren <strong><a href=\"https:\/\/marienviertel.de\/zukunft\/?page_id=3889\" target=\"_blank\" rel=\"noopener\">Newsletter abonnieren<\/a><\/strong>.<\/div>\n<\/div>\n<h2><strong><br \/>\n<span style=\"font-size: 14pt;\"><a href=\"mailto:zoom@zukunft.marienviertel.de?subject=Anmeldung Digitale Marienviertelkonferenz\" target=\"_blank\" rel=\"noopener\">Anmeldungen zur digitalen Marienviertel-Konferenz<\/a> sind ab sofort m\u00f6glich!<br \/>\nAchten Sie bitte auch auf Posteing\u00e4nge in Ihrem SPAM-Ordner!<\/span><\/strong><\/h2>\n<\/div>\n<h2><span style=\"font-size: 14pt;\"><br \/>\nAgenda:<\/span><\/h2>\n<div><a href=\"https:\/\/marienviertel.de\/zukunft\/wordpress\/wp-content\/uploads\/2021\/11\/IZM_A3_Plakat_Online_V7gelb2000.png\" target=\"_blank\" rel=\"noopener\"><img loading=\"lazy\" decoding=\"async\" class=\"alignnone wp-image-4521 size-full\" src=\"https:\/\/marienviertel.de\/zukunft\/wordpress\/wp-content\/uploads\/2021\/11\/IZM_A3_Plakat_Online_V7gelb2000.png\" alt=\"\" width=\"2000\" height=\"2841\" srcset=\"https:\/\/marienviertel.de\/zukunft\/wordpress\/wp-content\/uploads\/2021\/11\/IZM_A3_Plakat_Online_V7gelb2000.png 2000w, https:\/\/marienviertel.de\/zukunft\/wordpress\/wp-content\/uploads\/2021\/11\/IZM_A3_Plakat_Online_V7gelb2000-211x300.png 211w, https:\/\/marienviertel.de\/zukunft\/wordpress\/wp-content\/uploads\/2021\/11\/IZM_A3_Plakat_Online_V7gelb2000-721x1024.png 721w, https:\/\/marienviertel.de\/zukunft\/wordpress\/wp-content\/uploads\/2021\/11\/IZM_A3_Plakat_Online_V7gelb2000-768x1091.png 768w, https:\/\/marienviertel.de\/zukunft\/wordpress\/wp-content\/uploads\/2021\/11\/IZM_A3_Plakat_Online_V7gelb2000-1081x1536.png 1081w, https:\/\/marienviertel.de\/zukunft\/wordpress\/wp-content\/uploads\/2021\/11\/IZM_A3_Plakat_Online_V7gelb2000-1442x2048.png 1442w\" sizes=\"auto, (max-width: 2000px) 100vw, 2000px\" \/><\/a><\/div>\n<div><\/div>\n<div><\/div>\n<div><\/div>\n<div><\/div>\n<p>&nbsp;<\/p>\n<div>\n<div class=\"td-all-devices\"><a href=\"https:\/\/www.dorsten.de\/stadtdialog.asp\" target=\"blank_\" rel=\"noopener\"><img decoding=\"async\" class=\"td-animation-stack-type0-2\" src=\"https:\/\/marienviertel.de\/wp-content\/uploads\/2019\/02\/Banner_Lichterfest_Pfade.jpg\" \/><\/a><\/div>\n<div class=\"td-all-devices\"><a href=\"https:\/\/www.dorsten.de\/stadtdialog.asp\" target=\"blank_\" rel=\"noopener\"><img decoding=\"async\" class=\"td-animation-stack-type0-2\" src=\"https:\/\/hervestkonferenz.de\/wordpress\/wp-content\/uploads\/2020\/09\/2020-09-24-StadtDialog.jpg\" \/><\/a><\/div>\n<h4>Online-Zustimmung zum \u201eStadtdialog f\u00fcr Menschenw\u00fcrde, Demokratie und Respekt\u201c jetzt auf <a href=\"http:\/\/www.dorsten.de\/stadtdialog\" target=\"_blank\" rel=\"noopener\">www.dorsten.de\/stadtdialog<\/a><br \/>\nFaltblatt zum StadtDialog: <a href=\"http:\/\/www.dorsten.de\/DorstenerStadtDialog_Faltblatt_Web_092020.pdf\" target=\"_blank\" rel=\"noopener\">DorstenerStadtDialog_Faltblatt.pdf<\/a><\/h4>\n<\/div>\n","protected":false},"excerpt":{"rendered":"<p>Die Initiative Zukunft Marienviertel l\u00e4dt Sie als B\u00fcrgerinnen und B\u00fcrger des Marienviertels zu einer Online-Quartierskonferenz mit vielen interessanten Themen ein. [&hellip;]<\/p>\n","protected":false},"author":1,"featured_media":0,"parent":0,"menu_order":0,"comment_status":"closed","ping_status":"closed","template":"","meta":{"jetpack_post_was_ever_published":false,"footnotes":""},"class_list":["post-4422","page","type-page","status-publish","hentry"],"yoast_head":"<!-- This site is optimized with the Yoast SEO plugin v26.7 - https:\/\/yoast.com\/wordpress\/plugins\/seo\/ -->\n<title>Digitale Marienviertel-Konferenz - Initiative Zukunft Marienviertel<\/title>\n<meta name=\"robots\" content=\"index, follow, max-snippet:-1, max-image-preview:large, max-video-preview:-1\" \/>\n<link rel=\"canonical\" href=\"https:\/\/marienviertel.de\/zukunft\/?page_id=4422\" \/>\n<meta property=\"og:locale\" content=\"de_DE\" \/>\n<meta property=\"og:type\" content=\"article\" \/>\n<meta property=\"og:title\" content=\"Digitale Marienviertel-Konferenz - Initiative Zukunft Marienviertel\" \/>\n<meta property=\"og:description\" content=\"Die Initiative Zukunft Marienviertel l\u00e4dt Sie als B\u00fcrgerinnen und B\u00fcrger des Marienviertels zu einer Online-Quartierskonferenz mit vielen interessanten Themen ein. [&hellip;]\" \/>\n<meta property=\"og:url\" content=\"https:\/\/marienviertel.de\/zukunft\/?page_id=4422\" \/>\n<meta property=\"og:site_name\" content=\"Initiative Zukunft Marienviertel\" \/>\n<meta property=\"article:publisher\" content=\"http:\/\/www.facebook.com\/zukunftmarienviertel\" \/>\n<meta property=\"article:modified_time\" content=\"2021-11-28T17:17:10+00:00\" \/>\n<meta property=\"og:image\" content=\"https:\/\/marienviertel.de\/zukunft\/wordpress\/wp-content\/uploads\/2021\/11\/alle-Wappen.png\" \/>\n<meta name=\"twitter:card\" content=\"summary_large_image\" \/>\n<meta name=\"twitter:label1\" content=\"Gesch\u00e4tzte Lesezeit\" \/>\n\t<meta name=\"twitter:data1\" content=\"4\u00a0Minuten\" \/>\n<script type=\"application\/ld+json\" class=\"yoast-schema-graph\">{\"@context\":\"https:\/\/schema.org\",\"@graph\":[{\"@type\":\"WebPage\",\"@id\":\"https:\/\/marienviertel.de\/zukunft\/?page_id=4422\",\"url\":\"https:\/\/marienviertel.de\/zukunft\/?page_id=4422\",\"name\":\"Digitale Marienviertel-Konferenz - Initiative Zukunft Marienviertel\",\"isPartOf\":{\"@id\":\"https:\/\/marienviertel.de\/zukunft\/#website\"},\"primaryImageOfPage\":{\"@id\":\"https:\/\/marienviertel.de\/zukunft\/?page_id=4422#primaryimage\"},\"image\":{\"@id\":\"https:\/\/marienviertel.de\/zukunft\/?page_id=4422#primaryimage\"},\"thumbnailUrl\":\"https:\/\/marienviertel.de\/zukunft\/wordpress\/wp-content\/uploads\/2021\/11\/alle-Wappen.png\",\"datePublished\":\"2021-11-23T15:01:51+00:00\",\"dateModified\":\"2021-11-28T17:17:10+00:00\",\"breadcrumb\":{\"@id\":\"https:\/\/marienviertel.de\/zukunft\/?page_id=4422#breadcrumb\"},\"inLanguage\":\"de\",\"potentialAction\":[{\"@type\":\"ReadAction\",\"target\":[\"https:\/\/marienviertel.de\/zukunft\/?page_id=4422\"]}]},{\"@type\":\"ImageObject\",\"inLanguage\":\"de\",\"@id\":\"https:\/\/marienviertel.de\/zukunft\/?page_id=4422#primaryimage\",\"url\":\"https:\/\/marienviertel.de\/zukunft\/wordpress\/wp-content\/uploads\/2021\/11\/alle-Wappen.png\",\"contentUrl\":\"https:\/\/marienviertel.de\/zukunft\/wordpress\/wp-content\/uploads\/2021\/11\/alle-Wappen.png\",\"width\":600,\"height\":450},{\"@type\":\"BreadcrumbList\",\"@id\":\"https:\/\/marienviertel.de\/zukunft\/?page_id=4422#breadcrumb\",\"itemListElement\":[{\"@type\":\"ListItem\",\"position\":1,\"name\":\"Home\",\"item\":\"https:\/\/marienviertel.de\/zukunft\/\"},{\"@type\":\"ListItem\",\"position\":2,\"name\":\"Digitale Marienviertel-Konferenz\"}]},{\"@type\":\"WebSite\",\"@id\":\"https:\/\/marienviertel.de\/zukunft\/#website\",\"url\":\"https:\/\/marienviertel.de\/zukunft\/\",\"name\":\"Initiative Zukunft Marienviertel\",\"description\":\"\",\"publisher\":{\"@id\":\"https:\/\/marienviertel.de\/zukunft\/#organization\"},\"potentialAction\":[{\"@type\":\"SearchAction\",\"target\":{\"@type\":\"EntryPoint\",\"urlTemplate\":\"https:\/\/marienviertel.de\/zukunft\/?s={search_term_string}\"},\"query-input\":{\"@type\":\"PropertyValueSpecification\",\"valueRequired\":true,\"valueName\":\"search_term_string\"}}],\"inLanguage\":\"de\"},{\"@type\":\"Organization\",\"@id\":\"https:\/\/marienviertel.de\/zukunft\/#organization\",\"name\":\"Initiative Zukunft Marienviertel\",\"url\":\"https:\/\/marienviertel.de\/zukunft\/\",\"logo\":{\"@type\":\"ImageObject\",\"inLanguage\":\"de\",\"@id\":\"https:\/\/marienviertel.de\/zukunft\/#\/schema\/logo\/image\/\",\"url\":\"https:\/\/marienviertel.de\/zukunft\/wordpress\/wp-content\/uploads\/2017\/12\/cropped-cropped-Headerbild1-e1512313986382-300x70.jpg\",\"contentUrl\":\"https:\/\/marienviertel.de\/zukunft\/wordpress\/wp-content\/uploads\/2017\/12\/cropped-cropped-Headerbild1-e1512313986382-300x70.jpg\",\"width\":300,\"height\":70,\"caption\":\"Initiative Zukunft Marienviertel\"},\"image\":{\"@id\":\"https:\/\/marienviertel.de\/zukunft\/#\/schema\/logo\/image\/\"},\"sameAs\":[\"http:\/\/www.facebook.com\/zukunftmarienviertel\"]}]}<\/script>\n<!-- \/ Yoast SEO plugin. -->","yoast_head_json":{"title":"Digitale Marienviertel-Konferenz - Initiative Zukunft Marienviertel","robots":{"index":"index","follow":"follow","max-snippet":"max-snippet:-1","max-image-preview":"max-image-preview:large","max-video-preview":"max-video-preview:-1"},"canonical":"https:\/\/marienviertel.de\/zukunft\/?page_id=4422","og_locale":"de_DE","og_type":"article","og_title":"Digitale Marienviertel-Konferenz - Initiative Zukunft Marienviertel","og_description":"Die Initiative Zukunft Marienviertel l\u00e4dt Sie als B\u00fcrgerinnen und B\u00fcrger des Marienviertels zu einer Online-Quartierskonferenz mit vielen interessanten Themen ein. [&hellip;]","og_url":"https:\/\/marienviertel.de\/zukunft\/?page_id=4422","og_site_name":"Initiative Zukunft Marienviertel","article_publisher":"http:\/\/www.facebook.com\/zukunftmarienviertel","article_modified_time":"2021-11-28T17:17:10+00:00","og_image":[{"url":"https:\/\/marienviertel.de\/zukunft\/wordpress\/wp-content\/uploads\/2021\/11\/alle-Wappen.png","type":"","width":"","height":""}],"twitter_card":"summary_large_image","twitter_misc":{"Gesch\u00e4tzte Lesezeit":"4\u00a0Minuten"},"schema":{"@context":"https:\/\/schema.org","@graph":[{"@type":"WebPage","@id":"https:\/\/marienviertel.de\/zukunft\/?page_id=4422","url":"https:\/\/marienviertel.de\/zukunft\/?page_id=4422","name":"Digitale Marienviertel-Konferenz - Initiative Zukunft Marienviertel","isPartOf":{"@id":"https:\/\/marienviertel.de\/zukunft\/#website"},"primaryImageOfPage":{"@id":"https:\/\/marienviertel.de\/zukunft\/?page_id=4422#primaryimage"},"image":{"@id":"https:\/\/marienviertel.de\/zukunft\/?page_id=4422#primaryimage"},"thumbnailUrl":"https:\/\/marienviertel.de\/zukunft\/wordpress\/wp-content\/uploads\/2021\/11\/alle-Wappen.png","datePublished":"2021-11-23T15:01:51+00:00","dateModified":"2021-11-28T17:17:10+00:00","breadcrumb":{"@id":"https:\/\/marienviertel.de\/zukunft\/?page_id=4422#breadcrumb"},"inLanguage":"de","potentialAction":[{"@type":"ReadAction","target":["https:\/\/marienviertel.de\/zukunft\/?page_id=4422"]}]},{"@type":"ImageObject","inLanguage":"de","@id":"https:\/\/marienviertel.de\/zukunft\/?page_id=4422#primaryimage","url":"https:\/\/marienviertel.de\/zukunft\/wordpress\/wp-content\/uploads\/2021\/11\/alle-Wappen.png","contentUrl":"https:\/\/marienviertel.de\/zukunft\/wordpress\/wp-content\/uploads\/2021\/11\/alle-Wappen.png","width":600,"height":450},{"@type":"BreadcrumbList","@id":"https:\/\/marienviertel.de\/zukunft\/?page_id=4422#breadcrumb","itemListElement":[{"@type":"ListItem","position":1,"name":"Home","item":"https:\/\/marienviertel.de\/zukunft\/"},{"@type":"ListItem","position":2,"name":"Digitale Marienviertel-Konferenz"}]},{"@type":"WebSite","@id":"https:\/\/marienviertel.de\/zukunft\/#website","url":"https:\/\/marienviertel.de\/zukunft\/","name":"Initiative Zukunft Marienviertel","description":"","publisher":{"@id":"https:\/\/marienviertel.de\/zukunft\/#organization"},"potentialAction":[{"@type":"SearchAction","target":{"@type":"EntryPoint","urlTemplate":"https:\/\/marienviertel.de\/zukunft\/?s={search_term_string}"},"query-input":{"@type":"PropertyValueSpecification","valueRequired":true,"valueName":"search_term_string"}}],"inLanguage":"de"},{"@type":"Organization","@id":"https:\/\/marienviertel.de\/zukunft\/#organization","name":"Initiative Zukunft Marienviertel","url":"https:\/\/marienviertel.de\/zukunft\/","logo":{"@type":"ImageObject","inLanguage":"de","@id":"https:\/\/marienviertel.de\/zukunft\/#\/schema\/logo\/image\/","url":"https:\/\/marienviertel.de\/zukunft\/wordpress\/wp-content\/uploads\/2017\/12\/cropped-cropped-Headerbild1-e1512313986382-300x70.jpg","contentUrl":"https:\/\/marienviertel.de\/zukunft\/wordpress\/wp-content\/uploads\/2017\/12\/cropped-cropped-Headerbild1-e1512313986382-300x70.jpg","width":300,"height":70,"caption":"Initiative Zukunft Marienviertel"},"image":{"@id":"https:\/\/marienviertel.de\/zukunft\/#\/schema\/logo\/image\/"},"sameAs":["http:\/\/www.facebook.com\/zukunftmarienviertel"]}]}},"jetpack_sharing_enabled":true,"jetpack_shortlink":"https:\/\/wp.me\/P86m9a-19k","_links":{"self":[{"href":"https:\/\/marienviertel.de\/zukunft\/index.php?rest_route=\/wp\/v2\/pages\/4422","targetHints":{"allow":["GET"]}}],"collection":[{"href":"https:\/\/marienviertel.de\/zukunft\/index.php?rest_route=\/wp\/v2\/pages"}],"about":[{"href":"https:\/\/marienviertel.de\/zukunft\/index.php?rest_route=\/wp\/v2\/types\/page"}],"author":[{"embeddable":true,"href":"https:\/\/marienviertel.de\/zukunft\/index.php?rest_route=\/wp\/v2\/users\/1"}],"replies":[{"embeddable":true,"href":"https:\/\/marienviertel.de\/zukunft\/index.php?rest_route=%2Fwp%2Fv2%2Fcomments&post=4422"}],"version-history":[{"count":31,"href":"https:\/\/marienviertel.de\/zukunft\/index.php?rest_route=\/wp\/v2\/pages\/4422\/revisions"}],"predecessor-version":[{"id":4526,"href":"https:\/\/marienviertel.de\/zukunft\/index.php?rest_route=\/wp\/v2\/pages\/4422\/revisions\/4526"}],"wp:attachment":[{"href":"https:\/\/marienviertel.de\/zukunft\/index.php?rest_route=%2Fwp%2Fv2%2Fmedia&parent=4422"}],"curies":[{"name":"wp","href":"https:\/\/api.w.org\/{rel}","templated":true}]}}