{"id":4113,"date":"2020-12-08T15:33:46","date_gmt":"2020-12-08T14:33:46","guid":{"rendered":"https:\/\/marienviertel.de\/zukunft\/?page_id=4113"},"modified":"2020-12-08T15:33:46","modified_gmt":"2020-12-08T14:33:46","slug":"staedtebaulicher-entwurf-zur-quartiersentwicklung","status":"publish","type":"page","link":"https:\/\/marienviertel.de\/zukunft\/?page_id=4113","title":{"rendered":"St\u00e4dtebaulicher Entwurf zur Quartiersentwicklung"},"content":{"rendered":"<p><img loading=\"lazy\" decoding=\"async\" class=\"alignnone size-full wp-image-3023\" src=\"https:\/\/marienviertel.de\/zukunft\/wordpress\/wp-content\/uploads\/2018\/11\/Headerbild1-mit-Wappen.png\" alt=\"\" width=\"1258\" height=\"278\" srcset=\"https:\/\/marienviertel.de\/zukunft\/wordpress\/wp-content\/uploads\/2018\/11\/Headerbild1-mit-Wappen.png 1258w, https:\/\/marienviertel.de\/zukunft\/wordpress\/wp-content\/uploads\/2018\/11\/Headerbild1-mit-Wappen-300x66.png 300w, https:\/\/marienviertel.de\/zukunft\/wordpress\/wp-content\/uploads\/2018\/11\/Headerbild1-mit-Wappen-768x170.png 768w, https:\/\/marienviertel.de\/zukunft\/wordpress\/wp-content\/uploads\/2018\/11\/Headerbild1-mit-Wappen-1024x226.png 1024w\" sizes=\"auto, (max-width: 1258px) 100vw, 1258px\" \/><\/p>\n<p style=\"text-align: center;\"><strong><span style=\"font-size: 18pt;\">St\u00e4dtebaulicher Entwurf<br \/>\n<\/span><\/strong><br \/>\n<strong><span style=\"font-size: 18pt;\">zur Quartiersentwicklung auf dem Gel\u00e4nde<\/span><\/strong><br \/>\n<strong><span style=\"font-size: 18pt;\">der ehemaligen Gerhart-Hauptmann-Schule in Dorsten<\/span><\/strong><\/p>\n<p><img loading=\"lazy\" decoding=\"async\" class=\"alignnone size-full wp-image-2419\" src=\"https:\/\/marienviertel.de\/zukunft\/wordpress\/wp-content\/uploads\/2018\/01\/04-ghs-960x960-2.jpg\" alt=\"\" width=\"960\" height=\"960\" srcset=\"https:\/\/marienviertel.de\/zukunft\/wordpress\/wp-content\/uploads\/2018\/01\/04-ghs-960x960-2.jpg 960w, https:\/\/marienviertel.de\/zukunft\/wordpress\/wp-content\/uploads\/2018\/01\/04-ghs-960x960-2-150x150.jpg 150w, https:\/\/marienviertel.de\/zukunft\/wordpress\/wp-content\/uploads\/2018\/01\/04-ghs-960x960-2-300x300.jpg 300w, https:\/\/marienviertel.de\/zukunft\/wordpress\/wp-content\/uploads\/2018\/01\/04-ghs-960x960-2-768x768.jpg 768w\" sizes=\"auto, (max-width: 960px) 100vw, 960px\" \/><\/p>\n<p style=\"text-align: center;\"><strong>Institut f\u00fcr St\u00e4dtebau und Stadtplanung der Universit\u00e4t Duisburg-Essen<\/strong><br \/>\n<strong>Prof. Dr.-Ing. M.Arch J. Alexander Schmidt<\/strong><br \/>\n<strong>Pr\u00e4sentation im Ratssaal der Stadt Dorsten am 28. Juni 2018<\/strong><\/p>\n<hr \/>\n<p><strong>Einf\u00fchrung<\/strong><br \/>\nIn enger Zusammenarbeit der \u201aInitiative Zukunft Marienviertel\u2018 mit der Stadt Dorsten wurden im M\u00e4rz 2017 in einer zweit\u00e4gigen offenen Ideenwerkstatt Vorschl\u00e4ge von B\u00fcrgern und B\u00fcrgerinnen des Marienviertels f\u00fcr eine Quartiersentwicklung erarbeitet und in einer Indikatorenliste nach st\u00e4dtebaulichen Kriterien gegliedert (www.zukunft.marienviertel.de).<\/p>\n<p>Diese Liste bildet die Basis f\u00fcr den hier vorgetragenen st\u00e4dtebaulichen Entwurf \u2013 entwickelt von einem interdisziplin\u00e4ren Team aus Doktorandinnen und Masterstudent*innen des Instituts f\u00fcr St\u00e4dtebau und Stadtplanung der Universit\u00e4t Duisburg-Essen (ISS).<\/p>\n<p>Vergeben wurde der Auftrag von der \u201aInitiative Zukunft Marienviertel\u2018 mit Absicht und Ma\u00dfgaben an junge Studierende.<br \/>\nAusdr\u00fccklich erw\u00fcnscht waren \u2013 frei von formalen Vorgaben \u2013 ausdrucksstarke Entw\u00fcrfe. Ebenso war Mut zu Neuem und zum Experiment gefragt, um das Projekt kreativ und nachhaltig zu gestalten.<\/p>\n<p>F\u00fcr die Studierenden selbst boten sich Gelegenheiten, in einem diskursiven Verfahren \u2013 gemeinsam mit B\u00fcrgern und B\u00fcrgerinnen sowie der Stadt Dorsten \u2013 diesem Projekt ein zukunftsorientiertes Profil zu geben.<\/p>\n<p>Unter der Projektleitung und Mitwirkung von Prof. Dr. J. A. Schmidt und Frau Dr. M. Casanova haben die Studierenden Franziska Kalkbrenner, Mara Ahlers, Mariana da Cunha, Gianna Gardeveg, Leonie Kainka und Noah Massoli dieses Konzept entwickelt.<\/p>\n<p>Die Erstellung dieses Entwurfs wurde dank der Spenden und Beitr\u00e4ge folgender Institutionen, Gemeinschaften und Vereine erm\u00f6glicht:<br \/>\nStadt Dorsten<br \/>\nSparkasse Vest Recklinghausen\/Dorsten<br \/>\nVereinte Volksbank eG Dorsten<br \/>\nFreie Christengemeinde\/Kirche im Bahnhof<br \/>\nT\u00fcrkisch-muslimische Gemeinde DITIB<br \/>\nKFD St. Marien<br \/>\nKulturkreis St. Marien<br \/>\nTheaterkreis St. Marien<br \/>\nFreiwillige Feuerwehr LZ Hervest I<br \/>\nBlasmusik St. Marien<br \/>\nCoverband LOFX<br \/>\nDorstener Arbeit gGmbH<br \/>\nElternbeirat der Kita St. Marien<br \/>\nSpielmobil der Stadt Dorsten<br \/>\nund<br \/>\nMitglieder der Initiative<\/p>\n<hr \/>\n<p><em>Initiative Zukunft Marienviertel (IZM)<\/em><br \/>\n<em>Sprecherin: Maria Hoffrogge, Riedweg 78 a, 46284 Dorsten<\/em><br \/>\n<em>Sprecher der GHS-Projektgruppe: Dr. Werner Springer, An der Marienkirche 3, 46284 Dorsten <\/em><br \/>\n<em>Dorsten, 20.07.2018<\/em><\/p>\n<hr \/>\n<p><span style=\"font-size: 14pt;\"><a href=\"https:\/\/marienviertel.de\/zukunft\/docs\/Report_final_HQ-jotw.pdf\" target=\"_blank\" rel=\"noopener noreferrer\"><strong>Entwurfskonzeption im Wortlaut als pdf-Datei<\/strong><\/a><\/span><\/p>\n","protected":false},"excerpt":{"rendered":"<p>St\u00e4dtebaulicher Entwurf zur Quartiersentwicklung auf dem Gel\u00e4nde der ehemaligen Gerhart-Hauptmann-Schule in Dorsten Institut f\u00fcr St\u00e4dtebau und Stadtplanung der Universit\u00e4t Duisburg-Essen [&hellip;]<\/p>\n","protected":false},"author":1,"featured_media":0,"parent":0,"menu_order":0,"comment_status":"closed","ping_status":"closed","template":"","meta":{"jetpack_post_was_ever_published":false,"footnotes":""},"class_list":["post-4113","page","type-page","status-publish","hentry"],"yoast_head":"<!-- This site is optimized with the Yoast SEO plugin v26.7 - https:\/\/yoast.com\/wordpress\/plugins\/seo\/ -->\n<title>St\u00e4dtebaulicher Entwurf zur Quartiersentwicklung - Initiative Zukunft Marienviertel<\/title>\n<meta name=\"robots\" content=\"index, follow, max-snippet:-1, max-image-preview:large, max-video-preview:-1\" \/>\n<link rel=\"canonical\" href=\"https:\/\/marienviertel.de\/zukunft\/?page_id=4113\" \/>\n<meta property=\"og:locale\" content=\"de_DE\" \/>\n<meta property=\"og:type\" content=\"article\" \/>\n<meta property=\"og:title\" content=\"St\u00e4dtebaulicher Entwurf zur Quartiersentwicklung - Initiative Zukunft Marienviertel\" \/>\n<meta property=\"og:description\" content=\"St\u00e4dtebaulicher Entwurf zur Quartiersentwicklung auf dem Gel\u00e4nde der ehemaligen Gerhart-Hauptmann-Schule in Dorsten Institut f\u00fcr St\u00e4dtebau und Stadtplanung der Universit\u00e4t Duisburg-Essen [&hellip;]\" \/>\n<meta property=\"og:url\" content=\"https:\/\/marienviertel.de\/zukunft\/?page_id=4113\" \/>\n<meta property=\"og:site_name\" content=\"Initiative Zukunft Marienviertel\" \/>\n<meta property=\"article:publisher\" content=\"http:\/\/www.facebook.com\/zukunftmarienviertel\" \/>\n<meta property=\"og:image\" content=\"https:\/\/marienviertel.de\/zukunft\/wordpress\/wp-content\/uploads\/2018\/11\/Headerbild1-mit-Wappen.png\" \/>\n<meta name=\"twitter:card\" content=\"summary_large_image\" \/>\n<meta name=\"twitter:label1\" content=\"Gesch\u00e4tzte Lesezeit\" \/>\n\t<meta name=\"twitter:data1\" content=\"2\u00a0Minuten\" \/>\n<script type=\"application\/ld+json\" class=\"yoast-schema-graph\">{\"@context\":\"https:\/\/schema.org\",\"@graph\":[{\"@type\":\"WebPage\",\"@id\":\"https:\/\/marienviertel.de\/zukunft\/?page_id=4113\",\"url\":\"https:\/\/marienviertel.de\/zukunft\/?page_id=4113\",\"name\":\"St\u00e4dtebaulicher Entwurf zur Quartiersentwicklung - Initiative Zukunft Marienviertel\",\"isPartOf\":{\"@id\":\"https:\/\/marienviertel.de\/zukunft\/#website\"},\"primaryImageOfPage\":{\"@id\":\"https:\/\/marienviertel.de\/zukunft\/?page_id=4113#primaryimage\"},\"image\":{\"@id\":\"https:\/\/marienviertel.de\/zukunft\/?page_id=4113#primaryimage\"},\"thumbnailUrl\":\"https:\/\/marienviertel.de\/zukunft\/wordpress\/wp-content\/uploads\/2018\/11\/Headerbild1-mit-Wappen.png\",\"datePublished\":\"2020-12-08T14:33:46+00:00\",\"breadcrumb\":{\"@id\":\"https:\/\/marienviertel.de\/zukunft\/?page_id=4113#breadcrumb\"},\"inLanguage\":\"de\",\"potentialAction\":[{\"@type\":\"ReadAction\",\"target\":[\"https:\/\/marienviertel.de\/zukunft\/?page_id=4113\"]}]},{\"@type\":\"ImageObject\",\"inLanguage\":\"de\",\"@id\":\"https:\/\/marienviertel.de\/zukunft\/?page_id=4113#primaryimage\",\"url\":\"https:\/\/marienviertel.de\/zukunft\/wordpress\/wp-content\/uploads\/2018\/11\/Headerbild1-mit-Wappen.png\",\"contentUrl\":\"https:\/\/marienviertel.de\/zukunft\/wordpress\/wp-content\/uploads\/2018\/11\/Headerbild1-mit-Wappen.png\",\"width\":1258,\"height\":278},{\"@type\":\"BreadcrumbList\",\"@id\":\"https:\/\/marienviertel.de\/zukunft\/?page_id=4113#breadcrumb\",\"itemListElement\":[{\"@type\":\"ListItem\",\"position\":1,\"name\":\"Home\",\"item\":\"https:\/\/marienviertel.de\/zukunft\/\"},{\"@type\":\"ListItem\",\"position\":2,\"name\":\"St\u00e4dtebaulicher Entwurf zur Quartiersentwicklung\"}]},{\"@type\":\"WebSite\",\"@id\":\"https:\/\/marienviertel.de\/zukunft\/#website\",\"url\":\"https:\/\/marienviertel.de\/zukunft\/\",\"name\":\"Initiative Zukunft Marienviertel\",\"description\":\"\",\"publisher\":{\"@id\":\"https:\/\/marienviertel.de\/zukunft\/#organization\"},\"potentialAction\":[{\"@type\":\"SearchAction\",\"target\":{\"@type\":\"EntryPoint\",\"urlTemplate\":\"https:\/\/marienviertel.de\/zukunft\/?s={search_term_string}\"},\"query-input\":{\"@type\":\"PropertyValueSpecification\",\"valueRequired\":true,\"valueName\":\"search_term_string\"}}],\"inLanguage\":\"de\"},{\"@type\":\"Organization\",\"@id\":\"https:\/\/marienviertel.de\/zukunft\/#organization\",\"name\":\"Initiative Zukunft Marienviertel\",\"url\":\"https:\/\/marienviertel.de\/zukunft\/\",\"logo\":{\"@type\":\"ImageObject\",\"inLanguage\":\"de\",\"@id\":\"https:\/\/marienviertel.de\/zukunft\/#\/schema\/logo\/image\/\",\"url\":\"https:\/\/marienviertel.de\/zukunft\/wordpress\/wp-content\/uploads\/2017\/12\/cropped-cropped-Headerbild1-e1512313986382-300x70.jpg\",\"contentUrl\":\"https:\/\/marienviertel.de\/zukunft\/wordpress\/wp-content\/uploads\/2017\/12\/cropped-cropped-Headerbild1-e1512313986382-300x70.jpg\",\"width\":300,\"height\":70,\"caption\":\"Initiative Zukunft Marienviertel\"},\"image\":{\"@id\":\"https:\/\/marienviertel.de\/zukunft\/#\/schema\/logo\/image\/\"},\"sameAs\":[\"http:\/\/www.facebook.com\/zukunftmarienviertel\"]}]}<\/script>\n<!-- \/ Yoast SEO plugin. -->","yoast_head_json":{"title":"St\u00e4dtebaulicher Entwurf zur Quartiersentwicklung - Initiative Zukunft Marienviertel","robots":{"index":"index","follow":"follow","max-snippet":"max-snippet:-1","max-image-preview":"max-image-preview:large","max-video-preview":"max-video-preview:-1"},"canonical":"https:\/\/marienviertel.de\/zukunft\/?page_id=4113","og_locale":"de_DE","og_type":"article","og_title":"St\u00e4dtebaulicher Entwurf zur Quartiersentwicklung - Initiative Zukunft Marienviertel","og_description":"St\u00e4dtebaulicher Entwurf zur Quartiersentwicklung auf dem Gel\u00e4nde der ehemaligen Gerhart-Hauptmann-Schule in Dorsten Institut f\u00fcr St\u00e4dtebau und Stadtplanung der Universit\u00e4t Duisburg-Essen [&hellip;]","og_url":"https:\/\/marienviertel.de\/zukunft\/?page_id=4113","og_site_name":"Initiative Zukunft Marienviertel","article_publisher":"http:\/\/www.facebook.com\/zukunftmarienviertel","og_image":[{"url":"https:\/\/marienviertel.de\/zukunft\/wordpress\/wp-content\/uploads\/2018\/11\/Headerbild1-mit-Wappen.png","type":"","width":"","height":""}],"twitter_card":"summary_large_image","twitter_misc":{"Gesch\u00e4tzte Lesezeit":"2\u00a0Minuten"},"schema":{"@context":"https:\/\/schema.org","@graph":[{"@type":"WebPage","@id":"https:\/\/marienviertel.de\/zukunft\/?page_id=4113","url":"https:\/\/marienviertel.de\/zukunft\/?page_id=4113","name":"St\u00e4dtebaulicher Entwurf zur Quartiersentwicklung - Initiative Zukunft Marienviertel","isPartOf":{"@id":"https:\/\/marienviertel.de\/zukunft\/#website"},"primaryImageOfPage":{"@id":"https:\/\/marienviertel.de\/zukunft\/?page_id=4113#primaryimage"},"image":{"@id":"https:\/\/marienviertel.de\/zukunft\/?page_id=4113#primaryimage"},"thumbnailUrl":"https:\/\/marienviertel.de\/zukunft\/wordpress\/wp-content\/uploads\/2018\/11\/Headerbild1-mit-Wappen.png","datePublished":"2020-12-08T14:33:46+00:00","breadcrumb":{"@id":"https:\/\/marienviertel.de\/zukunft\/?page_id=4113#breadcrumb"},"inLanguage":"de","potentialAction":[{"@type":"ReadAction","target":["https:\/\/marienviertel.de\/zukunft\/?page_id=4113"]}]},{"@type":"ImageObject","inLanguage":"de","@id":"https:\/\/marienviertel.de\/zukunft\/?page_id=4113#primaryimage","url":"https:\/\/marienviertel.de\/zukunft\/wordpress\/wp-content\/uploads\/2018\/11\/Headerbild1-mit-Wappen.png","contentUrl":"https:\/\/marienviertel.de\/zukunft\/wordpress\/wp-content\/uploads\/2018\/11\/Headerbild1-mit-Wappen.png","width":1258,"height":278},{"@type":"BreadcrumbList","@id":"https:\/\/marienviertel.de\/zukunft\/?page_id=4113#breadcrumb","itemListElement":[{"@type":"ListItem","position":1,"name":"Home","item":"https:\/\/marienviertel.de\/zukunft\/"},{"@type":"ListItem","position":2,"name":"St\u00e4dtebaulicher Entwurf zur Quartiersentwicklung"}]},{"@type":"WebSite","@id":"https:\/\/marienviertel.de\/zukunft\/#website","url":"https:\/\/marienviertel.de\/zukunft\/","name":"Initiative Zukunft Marienviertel","description":"","publisher":{"@id":"https:\/\/marienviertel.de\/zukunft\/#organization"},"potentialAction":[{"@type":"SearchAction","target":{"@type":"EntryPoint","urlTemplate":"https:\/\/marienviertel.de\/zukunft\/?s={search_term_string}"},"query-input":{"@type":"PropertyValueSpecification","valueRequired":true,"valueName":"search_term_string"}}],"inLanguage":"de"},{"@type":"Organization","@id":"https:\/\/marienviertel.de\/zukunft\/#organization","name":"Initiative Zukunft Marienviertel","url":"https:\/\/marienviertel.de\/zukunft\/","logo":{"@type":"ImageObject","inLanguage":"de","@id":"https:\/\/marienviertel.de\/zukunft\/#\/schema\/logo\/image\/","url":"https:\/\/marienviertel.de\/zukunft\/wordpress\/wp-content\/uploads\/2017\/12\/cropped-cropped-Headerbild1-e1512313986382-300x70.jpg","contentUrl":"https:\/\/marienviertel.de\/zukunft\/wordpress\/wp-content\/uploads\/2017\/12\/cropped-cropped-Headerbild1-e1512313986382-300x70.jpg","width":300,"height":70,"caption":"Initiative Zukunft Marienviertel"},"image":{"@id":"https:\/\/marienviertel.de\/zukunft\/#\/schema\/logo\/image\/"},"sameAs":["http:\/\/www.facebook.com\/zukunftmarienviertel"]}]}},"jetpack_sharing_enabled":true,"jetpack_shortlink":"https:\/\/wp.me\/P86m9a-14l","_links":{"self":[{"href":"https:\/\/marienviertel.de\/zukunft\/index.php?rest_route=\/wp\/v2\/pages\/4113","targetHints":{"allow":["GET"]}}],"collection":[{"href":"https:\/\/marienviertel.de\/zukunft\/index.php?rest_route=\/wp\/v2\/pages"}],"about":[{"href":"https:\/\/marienviertel.de\/zukunft\/index.php?rest_route=\/wp\/v2\/types\/page"}],"author":[{"embeddable":true,"href":"https:\/\/marienviertel.de\/zukunft\/index.php?rest_route=\/wp\/v2\/users\/1"}],"replies":[{"embeddable":true,"href":"https:\/\/marienviertel.de\/zukunft\/index.php?rest_route=%2Fwp%2Fv2%2Fcomments&post=4113"}],"version-history":[{"count":2,"href":"https:\/\/marienviertel.de\/zukunft\/index.php?rest_route=\/wp\/v2\/pages\/4113\/revisions"}],"predecessor-version":[{"id":4115,"href":"https:\/\/marienviertel.de\/zukunft\/index.php?rest_route=\/wp\/v2\/pages\/4113\/revisions\/4115"}],"wp:attachment":[{"href":"https:\/\/marienviertel.de\/zukunft\/index.php?rest_route=%2Fwp%2Fv2%2Fmedia&parent=4113"}],"curies":[{"name":"wp","href":"https:\/\/api.w.org\/{rel}","templated":true}]}}