{"id":215,"date":"2016-12-07T13:11:33","date_gmt":"2016-12-07T12:11:33","guid":{"rendered":"http:\/\/zukunft.marienviertel.de\/?page_id=215"},"modified":"2017-11-21T01:42:58","modified_gmt":"2017-11-21T00:42:58","slug":"thema-freibadgelaende","status":"publish","type":"page","link":"https:\/\/marienviertel.de\/zukunft\/?page_id=215","title":{"rendered":"Thema: Freibadgel\u00e4nde"},"content":{"rendered":"<p><strong>Wer m\u00f6chte sich k\u00fcmmern um die weitere Nutzung des ehemaligen Freibadgel\u00e4ndes? Engagement erw\u00fcnscht!<\/strong><br \/>\nE-Mail an <a href=\"mailto:Zukunft@marienviertel.de\">Zukunft@marienviertel.de<\/a><\/p>\n<p>Sie haben Anregungen, Kritik, Ideen \u2026 zu diesem Thema?\u00a0Schreiben Sie uns <a href=\"https:\/\/marienviertel.de\/zukunft\/?page_id=25\"><strong>hier<\/strong><\/a>. Herzlichen Dank!<\/p>\n<hr \/>\n<figure id=\"attachment_247\" aria-describedby=\"caption-attachment-247\" style=\"width: 477px\" class=\"wp-caption alignnone\"><a href=\"https:\/\/marienviertel.de\/zukunft\/wordpress\/wp-content\/uploads\/2016\/12\/frebad-dorsten-2001.jpg\"><img loading=\"lazy\" decoding=\"async\" class=\"wp-image-247\" src=\"https:\/\/marienviertel.de\/zukunft\/wordpress\/wp-content\/uploads\/2016\/12\/frebad-dorsten-2001.jpg\" alt=\"\" width=\"477\" height=\"316\" srcset=\"https:\/\/marienviertel.de\/zukunft\/wordpress\/wp-content\/uploads\/2016\/12\/frebad-dorsten-2001.jpg 1059w, https:\/\/marienviertel.de\/zukunft\/wordpress\/wp-content\/uploads\/2016\/12\/frebad-dorsten-2001-300x199.jpg 300w, https:\/\/marienviertel.de\/zukunft\/wordpress\/wp-content\/uploads\/2016\/12\/frebad-dorsten-2001-768x509.jpg 768w, https:\/\/marienviertel.de\/zukunft\/wordpress\/wp-content\/uploads\/2016\/12\/frebad-dorsten-2001-1024x679.jpg 1024w\" sizes=\"auto, (max-width: 477px) 100vw, 477px\" \/><\/a><figcaption id=\"caption-attachment-247\" class=\"wp-caption-text\">2001<\/figcaption><\/figure>\n<hr \/>\n<p><strong>21.11.2017 Bericht der Dorstener Zeitung zu \u00dcberlegungen f\u00fcr die Nutzung des Freibadgel\u00e4ndes<\/strong><\/p>\n<p>Vorsitzender des RSC Dorsten ist Uwe K\u00e4hler; da ist Claudia Engel ein entschuldbares Missgeschick passiert \ud83d\ude42<\/p>\n<p><a href=\"https:\/\/marienviertel.de\/zukunft\/wordpress\/wp-content\/uploads\/2017\/11\/2017-11-21-Freibadgelaende-DZ.jpg\"><img loading=\"lazy\" decoding=\"async\" class=\"alignnone size-full wp-image-1702\" src=\"https:\/\/marienviertel.de\/zukunft\/wordpress\/wp-content\/uploads\/2017\/11\/2017-11-21-Freibadgelaende-DZ.jpg\" alt=\"\" width=\"2180\" height=\"3169\" srcset=\"https:\/\/marienviertel.de\/zukunft\/wordpress\/wp-content\/uploads\/2017\/11\/2017-11-21-Freibadgelaende-DZ.jpg 2180w, https:\/\/marienviertel.de\/zukunft\/wordpress\/wp-content\/uploads\/2017\/11\/2017-11-21-Freibadgelaende-DZ-206x300.jpg 206w, https:\/\/marienviertel.de\/zukunft\/wordpress\/wp-content\/uploads\/2017\/11\/2017-11-21-Freibadgelaende-DZ-768x1116.jpg 768w, https:\/\/marienviertel.de\/zukunft\/wordpress\/wp-content\/uploads\/2017\/11\/2017-11-21-Freibadgelaende-DZ-704x1024.jpg 704w\" sizes=\"auto, (max-width: 2180px) 100vw, 2180px\" \/><\/a><\/p>\n<hr \/>\n<p><strong>12. September 2017 UPA-Sitzung<\/strong><\/p>\n<p><strong>+++++ Aktualisierung:<\/strong> In der Ausschusssitzung heute pl\u00e4dierten die Fraktionsvertreter daf\u00fcr, diesen Punkt nicht abschlie\u00dfend zu beraten; sie forderten die Verwaltung auf, alternative M\u00f6glichkeiten zu pr\u00fcfen, zumindest gro\u00dfe Teile des Freibadgel\u00e4ndes offen zu halten.<br \/>\nZuvor erl\u00e4uterte Frau Stobbe vom Umwelt- und Planungsamt sehr deutlich die Problematik des dort geh\u00e4ufelten Schutts: Aushub beim Atlantis-Bau und vom R\u00fcckbau des alten Freibads durch die damaligen Atlantis-Bauherren wurde Lkw f\u00fcr Lkw dort abgesch\u00fcttet. Diese Sch\u00fcttungen sind trotz Durchwuchs mit Str\u00e4uchern noch recht lose: Versch\u00fcttungen drohen beim Betreten. Zugleich versicherte sie, dass dort keinerlei giftige Abfallstoffe lagern. <strong>Aktualisierung +++++<\/strong><\/p>\n<p>&nbsp;<\/p>\n<p><strong>Ein Zaun um das gesamte Freibadgel\u00e4nde? Bitte nicht!<\/strong><\/p>\n<p>In der Sitzung des Umwelt- und Planungsausschusses am Dienstag, 12. September, stehen den Ausschussmitgliedern folgende Unterlagen zur Verf\u00fcgung (Ich habe sie in einer pdf-Datei zusammengefasst):<\/p>\n<p><a href=\"https:\/\/marienviertel.de\/zukunft\/wordpress\/wp-content\/uploads\/2016\/12\/2017-08-11_UPA_Top6_Vorlage1-Freibad-Gel\u00e4nde.pdf\">2017-08-11_UPA_Top6_Vorlage1-Freibad-Gel\u00e4nde<\/a><\/p>\n<hr \/>\n<p><a href=\"https:\/\/marienviertel.de\/zukunft\/wordpress\/wp-content\/uploads\/2016\/12\/2017-09-09-Freibad-Zaun-UPA-DZ.jpg\"><img loading=\"lazy\" decoding=\"async\" class=\"alignnone size-large wp-image-1155\" src=\"https:\/\/marienviertel.de\/zukunft\/wordpress\/wp-content\/uploads\/2016\/12\/2017-09-09-Freibad-Zaun-UPA-DZ-900x1024.jpg\" alt=\"\" width=\"640\" height=\"728\" srcset=\"https:\/\/marienviertel.de\/zukunft\/wordpress\/wp-content\/uploads\/2016\/12\/2017-09-09-Freibad-Zaun-UPA-DZ-900x1024.jpg 900w, https:\/\/marienviertel.de\/zukunft\/wordpress\/wp-content\/uploads\/2016\/12\/2017-09-09-Freibad-Zaun-UPA-DZ-264x300.jpg 264w, https:\/\/marienviertel.de\/zukunft\/wordpress\/wp-content\/uploads\/2016\/12\/2017-09-09-Freibad-Zaun-UPA-DZ-768x874.jpg 768w, https:\/\/marienviertel.de\/zukunft\/wordpress\/wp-content\/uploads\/2016\/12\/2017-09-09-Freibad-Zaun-UPA-DZ.jpg 1626w\" sizes=\"auto, (max-width: 640px) 100vw, 640px\" \/><\/a><\/p>\n<hr \/>\n<figure id=\"attachment_250\" aria-describedby=\"caption-attachment-250\" style=\"width: 623px\" class=\"wp-caption alignnone\"><a href=\"http:\/\/marienviertel.de\/zukunft\/wordpress\/wp-content\/uploads\/2016\/12\/freibad-abriss-2-Dezember-2015.jpg\"><img loading=\"lazy\" decoding=\"async\" class=\"wp-image-250 size-full\" src=\"http:\/\/marienviertel.de\/zukunft\/wordpress\/wp-content\/uploads\/2016\/12\/freibad-abriss-2-Dezember-2015.jpg\" width=\"623\" height=\"416\" srcset=\"https:\/\/marienviertel.de\/zukunft\/wordpress\/wp-content\/uploads\/2016\/12\/freibad-abriss-2-Dezember-2015.jpg 623w, https:\/\/marienviertel.de\/zukunft\/wordpress\/wp-content\/uploads\/2016\/12\/freibad-abriss-2-Dezember-2015-300x200.jpg 300w\" sizes=\"auto, (max-width: 623px) 100vw, 623px\" \/><\/a><figcaption id=\"caption-attachment-250\" class=\"wp-caption-text\">Dez. 2015: Abriss No. 2: Der letzte Rest von den Freibad-Bauten. Foto: Michael Klein (Dorstener Zeitung)<\/figcaption><\/figure>\n<p>Ausz\u00fcge aus dem Bericht von Michael Klein, Dorstener Zeitung, vom 3.12.2015<\/p>\n<p><em>&#8222;<span class=\"stichzeile\">Gel\u00e4nde wird Gr\u00fcnfl\u00e4che: <\/span><span class=\"headline\">Ehemaliges Freibad ist jetzt Schutt<\/span><\/em><\/p>\n<p class=\"short\"><em><span class=\"ortsmarke\">Dorsten<\/span> Nun sind auch die letzten baulichen Reste des alten Dorstener Freibads endg\u00fcltig Geschichte: Nur noch ein paar Schuttberge k\u00fcnden an der Bismarckstra\u00dfe davon, dass hier noch ein paar Ruinen von Umkleidekabinen und Schwimmbecken auf dem Gel\u00e4nde vorzufinden waren.<\/em><\/p>\n<p class=\"short\"><em>&#8222;Mitte November haben wir mit den Abrissarbeiten angefangen, bis Ende n\u00e4chster Woche wollen wir fertig sein&#8220;, erkl\u00e4rte Stadtpressesprecherin Lisa Bauckhorn auf unsere Anfrage. Mit dem Abbruch beauftragt ist eine Firma aus dem Kreis Borken, 70.000 Euro stehen laut Auskunft der Stadt im st\u00e4dtischen Etat daf\u00fcr bereit.<\/em><\/p>\n<p><em>Im M\u00e4rz hatte die Politik den Abriss der Ruinen des alten Freibads beschlossen. Nachbarn hatten sich zuvor dar\u00fcber beschwert, dass sich &#8222;zweilichtige Gestalten&#8220; auf dem Areal herumtrieben. Zudem war die Stadt nach eigener Aussage rechtlich in der Pflicht, dort t\u00e4tig zu werden, nachdem die Pl\u00e4ne einer Montessori-Schule an dem Standort beerdigt worden waren. Mit einem Bagger wurden in den vergangenen Wochen die Altgeb\u00e4ude niedergemacht, die alten Becken entfernt, die Gruben verf\u00fcllt.<\/em><\/p>\n<p><em>Wenn die zum Teil kontamierten Erd- und Schutth\u00fcgel abgetragen sind, wird das Gel\u00e4nde nach Angaben der Stadt gerodet. &#8222;Ideen f\u00fcr die Nachnutzung gibt es&#8220;, erl\u00e4utert Lisa Bauckhorn, &#8222;aber noch keine schriftlichen Planungen&#8220;. Laut Fl\u00e4chennutzungsplan ist das Areal als Gr\u00fcnfl\u00e4che vorgesehen, auch der Regionalplan sieht hier einen Gr\u00fcnkorridor vor, der gr\u00f6\u00dfere bauliche Nutzungen des Gel\u00e4ndes verhindert.<\/em><\/p>\n<p><em>Von 1961 bis 2001 lief hier der Freibad-Betrieb, zum Schluss mit gro\u00dfem Sanierungsstau. Vor 14 Jahren wurden die Pforten geschlossen. Seitdem rotteten die Restgeb\u00e4ude vor sich hin. Die damaligen privaten Betreiber des Atlantis-Freizeitbads auf Maria Lindenhof hatten sich zwar eigentlich laut Vertrag verpflichtet, das alte Bad abzurei\u00dfen und ein neues Freibad zur Badesaison 2002 zu errichten.<\/em><\/p>\n<p><em>Dazu ist es niemals gekommen. Die rund 800.000 Euro, die an der endg\u00fcltigen Fertigstellung fehlen, konnten nicht investiert werden, weil der Investor des Gesamtkomplexes in finanzielle Schwierigkeiten geriet und letztlich im Sommer 2004 Insolvenz anmelden musste. In die \u00f6ffentliche Diskussion geriet das Gel\u00e4nde dann wieder in den hei\u00dfen Sommertagen 2013, als sich im Internet eine Facebook-Gruppe f\u00fcr eine Reaktivierung des Gel\u00e4ndes stark machte &#8211; ohne Erfolg.&#8220;<\/em><\/p>\n<p>&nbsp;<\/p>\n<figure id=\"attachment_247\" aria-describedby=\"caption-attachment-247\" style=\"width: 1059px\" class=\"wp-caption alignnone\"><a href=\"http:\/\/marienviertel.de\/zukunft\/wordpress\/wp-content\/uploads\/2016\/12\/frebad-dorsten-2001.jpg\"><img loading=\"lazy\" decoding=\"async\" class=\"wp-image-247 size-full\" src=\"http:\/\/marienviertel.de\/zukunft\/wordpress\/wp-content\/uploads\/2016\/12\/frebad-dorsten-2001.jpg\" width=\"1059\" height=\"702\" srcset=\"https:\/\/marienviertel.de\/zukunft\/wordpress\/wp-content\/uploads\/2016\/12\/frebad-dorsten-2001.jpg 1059w, https:\/\/marienviertel.de\/zukunft\/wordpress\/wp-content\/uploads\/2016\/12\/frebad-dorsten-2001-300x199.jpg 300w, https:\/\/marienviertel.de\/zukunft\/wordpress\/wp-content\/uploads\/2016\/12\/frebad-dorsten-2001-768x509.jpg 768w, https:\/\/marienviertel.de\/zukunft\/wordpress\/wp-content\/uploads\/2016\/12\/frebad-dorsten-2001-1024x679.jpg 1024w\" sizes=\"auto, (max-width: 1059px) 100vw, 1059px\" \/><\/a><figcaption id=\"caption-attachment-247\" class=\"wp-caption-text\">Luftaufnahme von 2001; kurz darauf erfolgte der Abriss No. 1 &#8230; (Quelle unbekannt)<\/figcaption><\/figure>\n<p>&nbsp;<\/p>\n<figure id=\"attachment_249\" aria-describedby=\"caption-attachment-249\" style=\"width: 1024px\" class=\"wp-caption alignnone\"><a href=\"http:\/\/marienviertel.de\/zukunft\/wordpress\/wp-content\/uploads\/2016\/12\/Freibad-Anfang-60er.jpg\"><img loading=\"lazy\" decoding=\"async\" class=\"wp-image-249 size-full\" src=\"http:\/\/marienviertel.de\/zukunft\/wordpress\/wp-content\/uploads\/2016\/12\/Freibad-Anfang-60er.jpg\" width=\"1024\" height=\"736\" srcset=\"https:\/\/marienviertel.de\/zukunft\/wordpress\/wp-content\/uploads\/2016\/12\/Freibad-Anfang-60er.jpg 1024w, https:\/\/marienviertel.de\/zukunft\/wordpress\/wp-content\/uploads\/2016\/12\/Freibad-Anfang-60er-300x216.jpg 300w, https:\/\/marienviertel.de\/zukunft\/wordpress\/wp-content\/uploads\/2016\/12\/Freibad-Anfang-60er-768x552.jpg 768w\" sizes=\"auto, (max-width: 1024px) 100vw, 1024px\" \/><\/a><figcaption id=\"caption-attachment-249\" class=\"wp-caption-text\">Freibad Dorsten, Anfang der 60er Jahre (Stadtarchiv Dorsten)<\/figcaption><\/figure>\n","protected":false},"excerpt":{"rendered":"<p>Wer m\u00f6chte sich k\u00fcmmern um die weitere Nutzung des ehemaligen Freibadgel\u00e4ndes? Engagement erw\u00fcnscht! E-Mail an Zukunft@marienviertel.de Sie haben Anregungen, Kritik, [&hellip;]<\/p>\n","protected":false},"author":1,"featured_media":0,"parent":0,"menu_order":70,"comment_status":"closed","ping_status":"closed","template":"","meta":{"jetpack_post_was_ever_published":false,"footnotes":""},"class_list":["post-215","page","type-page","status-publish","hentry"],"yoast_head":"<!-- This site is optimized with the Yoast SEO plugin v26.7 - https:\/\/yoast.com\/wordpress\/plugins\/seo\/ -->\n<title>Thema: Freibadgel\u00e4nde - Initiative Zukunft Marienviertel<\/title>\n<meta name=\"robots\" content=\"index, follow, max-snippet:-1, max-image-preview:large, max-video-preview:-1\" \/>\n<link rel=\"canonical\" href=\"https:\/\/marienviertel.de\/zukunft\/?page_id=215\" \/>\n<meta property=\"og:locale\" content=\"de_DE\" \/>\n<meta property=\"og:type\" content=\"article\" \/>\n<meta property=\"og:title\" content=\"Thema: Freibadgel\u00e4nde - Initiative Zukunft Marienviertel\" \/>\n<meta property=\"og:description\" content=\"Wer m\u00f6chte sich k\u00fcmmern um die weitere Nutzung des ehemaligen Freibadgel\u00e4ndes? Engagement erw\u00fcnscht! E-Mail an Zukunft@marienviertel.de Sie haben Anregungen, Kritik, [&hellip;]\" \/>\n<meta property=\"og:url\" content=\"https:\/\/marienviertel.de\/zukunft\/?page_id=215\" \/>\n<meta property=\"og:site_name\" content=\"Initiative Zukunft Marienviertel\" \/>\n<meta property=\"article:publisher\" content=\"http:\/\/www.facebook.com\/zukunftmarienviertel\" \/>\n<meta property=\"article:modified_time\" content=\"2017-11-21T00:42:58+00:00\" \/>\n<meta property=\"og:image\" content=\"https:\/\/marienviertel.de\/zukunft\/wordpress\/wp-content\/uploads\/2016\/12\/frebad-dorsten-2001.jpg\" \/>\n<meta name=\"twitter:card\" content=\"summary_large_image\" \/>\n<meta name=\"twitter:label1\" content=\"Gesch\u00e4tzte Lesezeit\" \/>\n\t<meta name=\"twitter:data1\" content=\"3\u00a0Minuten\" \/>\n<script type=\"application\/ld+json\" class=\"yoast-schema-graph\">{\"@context\":\"https:\/\/schema.org\",\"@graph\":[{\"@type\":\"WebPage\",\"@id\":\"https:\/\/marienviertel.de\/zukunft\/?page_id=215\",\"url\":\"https:\/\/marienviertel.de\/zukunft\/?page_id=215\",\"name\":\"Thema: Freibadgel\u00e4nde - Initiative Zukunft Marienviertel\",\"isPartOf\":{\"@id\":\"https:\/\/marienviertel.de\/zukunft\/#website\"},\"primaryImageOfPage\":{\"@id\":\"https:\/\/marienviertel.de\/zukunft\/?page_id=215#primaryimage\"},\"image\":{\"@id\":\"https:\/\/marienviertel.de\/zukunft\/?page_id=215#primaryimage\"},\"thumbnailUrl\":\"https:\/\/marienviertel.de\/zukunft\/wordpress\/wp-content\/uploads\/2016\/12\/frebad-dorsten-2001.jpg\",\"datePublished\":\"2016-12-07T12:11:33+00:00\",\"dateModified\":\"2017-11-21T00:42:58+00:00\",\"breadcrumb\":{\"@id\":\"https:\/\/marienviertel.de\/zukunft\/?page_id=215#breadcrumb\"},\"inLanguage\":\"de\",\"potentialAction\":[{\"@type\":\"ReadAction\",\"target\":[\"https:\/\/marienviertel.de\/zukunft\/?page_id=215\"]}]},{\"@type\":\"ImageObject\",\"inLanguage\":\"de\",\"@id\":\"https:\/\/marienviertel.de\/zukunft\/?page_id=215#primaryimage\",\"url\":\"https:\/\/marienviertel.de\/zukunft\/wordpress\/wp-content\/uploads\/2016\/12\/frebad-dorsten-2001.jpg\",\"contentUrl\":\"https:\/\/marienviertel.de\/zukunft\/wordpress\/wp-content\/uploads\/2016\/12\/frebad-dorsten-2001.jpg\",\"width\":1059,\"height\":702},{\"@type\":\"BreadcrumbList\",\"@id\":\"https:\/\/marienviertel.de\/zukunft\/?page_id=215#breadcrumb\",\"itemListElement\":[{\"@type\":\"ListItem\",\"position\":1,\"name\":\"Home\",\"item\":\"https:\/\/marienviertel.de\/zukunft\/\"},{\"@type\":\"ListItem\",\"position\":2,\"name\":\"Thema: Freibadgel\u00e4nde\"}]},{\"@type\":\"WebSite\",\"@id\":\"https:\/\/marienviertel.de\/zukunft\/#website\",\"url\":\"https:\/\/marienviertel.de\/zukunft\/\",\"name\":\"Initiative Zukunft Marienviertel\",\"description\":\"\",\"publisher\":{\"@id\":\"https:\/\/marienviertel.de\/zukunft\/#organization\"},\"potentialAction\":[{\"@type\":\"SearchAction\",\"target\":{\"@type\":\"EntryPoint\",\"urlTemplate\":\"https:\/\/marienviertel.de\/zukunft\/?s={search_term_string}\"},\"query-input\":{\"@type\":\"PropertyValueSpecification\",\"valueRequired\":true,\"valueName\":\"search_term_string\"}}],\"inLanguage\":\"de\"},{\"@type\":\"Organization\",\"@id\":\"https:\/\/marienviertel.de\/zukunft\/#organization\",\"name\":\"Initiative Zukunft Marienviertel\",\"url\":\"https:\/\/marienviertel.de\/zukunft\/\",\"logo\":{\"@type\":\"ImageObject\",\"inLanguage\":\"de\",\"@id\":\"https:\/\/marienviertel.de\/zukunft\/#\/schema\/logo\/image\/\",\"url\":\"https:\/\/marienviertel.de\/zukunft\/wordpress\/wp-content\/uploads\/2017\/12\/cropped-cropped-Headerbild1-e1512313986382-300x70.jpg\",\"contentUrl\":\"https:\/\/marienviertel.de\/zukunft\/wordpress\/wp-content\/uploads\/2017\/12\/cropped-cropped-Headerbild1-e1512313986382-300x70.jpg\",\"width\":300,\"height\":70,\"caption\":\"Initiative Zukunft Marienviertel\"},\"image\":{\"@id\":\"https:\/\/marienviertel.de\/zukunft\/#\/schema\/logo\/image\/\"},\"sameAs\":[\"http:\/\/www.facebook.com\/zukunftmarienviertel\"]}]}<\/script>\n<!-- \/ Yoast SEO plugin. -->","yoast_head_json":{"title":"Thema: Freibadgel\u00e4nde - Initiative Zukunft Marienviertel","robots":{"index":"index","follow":"follow","max-snippet":"max-snippet:-1","max-image-preview":"max-image-preview:large","max-video-preview":"max-video-preview:-1"},"canonical":"https:\/\/marienviertel.de\/zukunft\/?page_id=215","og_locale":"de_DE","og_type":"article","og_title":"Thema: Freibadgel\u00e4nde - Initiative Zukunft Marienviertel","og_description":"Wer m\u00f6chte sich k\u00fcmmern um die weitere Nutzung des ehemaligen Freibadgel\u00e4ndes? Engagement erw\u00fcnscht! E-Mail an Zukunft@marienviertel.de Sie haben Anregungen, Kritik, [&hellip;]","og_url":"https:\/\/marienviertel.de\/zukunft\/?page_id=215","og_site_name":"Initiative Zukunft Marienviertel","article_publisher":"http:\/\/www.facebook.com\/zukunftmarienviertel","article_modified_time":"2017-11-21T00:42:58+00:00","og_image":[{"url":"https:\/\/marienviertel.de\/zukunft\/wordpress\/wp-content\/uploads\/2016\/12\/frebad-dorsten-2001.jpg","type":"","width":"","height":""}],"twitter_card":"summary_large_image","twitter_misc":{"Gesch\u00e4tzte Lesezeit":"3\u00a0Minuten"},"schema":{"@context":"https:\/\/schema.org","@graph":[{"@type":"WebPage","@id":"https:\/\/marienviertel.de\/zukunft\/?page_id=215","url":"https:\/\/marienviertel.de\/zukunft\/?page_id=215","name":"Thema: Freibadgel\u00e4nde - Initiative Zukunft Marienviertel","isPartOf":{"@id":"https:\/\/marienviertel.de\/zukunft\/#website"},"primaryImageOfPage":{"@id":"https:\/\/marienviertel.de\/zukunft\/?page_id=215#primaryimage"},"image":{"@id":"https:\/\/marienviertel.de\/zukunft\/?page_id=215#primaryimage"},"thumbnailUrl":"https:\/\/marienviertel.de\/zukunft\/wordpress\/wp-content\/uploads\/2016\/12\/frebad-dorsten-2001.jpg","datePublished":"2016-12-07T12:11:33+00:00","dateModified":"2017-11-21T00:42:58+00:00","breadcrumb":{"@id":"https:\/\/marienviertel.de\/zukunft\/?page_id=215#breadcrumb"},"inLanguage":"de","potentialAction":[{"@type":"ReadAction","target":["https:\/\/marienviertel.de\/zukunft\/?page_id=215"]}]},{"@type":"ImageObject","inLanguage":"de","@id":"https:\/\/marienviertel.de\/zukunft\/?page_id=215#primaryimage","url":"https:\/\/marienviertel.de\/zukunft\/wordpress\/wp-content\/uploads\/2016\/12\/frebad-dorsten-2001.jpg","contentUrl":"https:\/\/marienviertel.de\/zukunft\/wordpress\/wp-content\/uploads\/2016\/12\/frebad-dorsten-2001.jpg","width":1059,"height":702},{"@type":"BreadcrumbList","@id":"https:\/\/marienviertel.de\/zukunft\/?page_id=215#breadcrumb","itemListElement":[{"@type":"ListItem","position":1,"name":"Home","item":"https:\/\/marienviertel.de\/zukunft\/"},{"@type":"ListItem","position":2,"name":"Thema: Freibadgel\u00e4nde"}]},{"@type":"WebSite","@id":"https:\/\/marienviertel.de\/zukunft\/#website","url":"https:\/\/marienviertel.de\/zukunft\/","name":"Initiative Zukunft Marienviertel","description":"","publisher":{"@id":"https:\/\/marienviertel.de\/zukunft\/#organization"},"potentialAction":[{"@type":"SearchAction","target":{"@type":"EntryPoint","urlTemplate":"https:\/\/marienviertel.de\/zukunft\/?s={search_term_string}"},"query-input":{"@type":"PropertyValueSpecification","valueRequired":true,"valueName":"search_term_string"}}],"inLanguage":"de"},{"@type":"Organization","@id":"https:\/\/marienviertel.de\/zukunft\/#organization","name":"Initiative Zukunft Marienviertel","url":"https:\/\/marienviertel.de\/zukunft\/","logo":{"@type":"ImageObject","inLanguage":"de","@id":"https:\/\/marienviertel.de\/zukunft\/#\/schema\/logo\/image\/","url":"https:\/\/marienviertel.de\/zukunft\/wordpress\/wp-content\/uploads\/2017\/12\/cropped-cropped-Headerbild1-e1512313986382-300x70.jpg","contentUrl":"https:\/\/marienviertel.de\/zukunft\/wordpress\/wp-content\/uploads\/2017\/12\/cropped-cropped-Headerbild1-e1512313986382-300x70.jpg","width":300,"height":70,"caption":"Initiative Zukunft Marienviertel"},"image":{"@id":"https:\/\/marienviertel.de\/zukunft\/#\/schema\/logo\/image\/"},"sameAs":["http:\/\/www.facebook.com\/zukunftmarienviertel"]}]}},"jetpack_sharing_enabled":true,"jetpack_shortlink":"https:\/\/wp.me\/P86m9a-3t","_links":{"self":[{"href":"https:\/\/marienviertel.de\/zukunft\/index.php?rest_route=\/wp\/v2\/pages\/215","targetHints":{"allow":["GET"]}}],"collection":[{"href":"https:\/\/marienviertel.de\/zukunft\/index.php?rest_route=\/wp\/v2\/pages"}],"about":[{"href":"https:\/\/marienviertel.de\/zukunft\/index.php?rest_route=\/wp\/v2\/types\/page"}],"author":[{"embeddable":true,"href":"https:\/\/marienviertel.de\/zukunft\/index.php?rest_route=\/wp\/v2\/users\/1"}],"replies":[{"embeddable":true,"href":"https:\/\/marienviertel.de\/zukunft\/index.php?rest_route=%2Fwp%2Fv2%2Fcomments&post=215"}],"version-history":[{"count":20,"href":"https:\/\/marienviertel.de\/zukunft\/index.php?rest_route=\/wp\/v2\/pages\/215\/revisions"}],"predecessor-version":[{"id":1703,"href":"https:\/\/marienviertel.de\/zukunft\/index.php?rest_route=\/wp\/v2\/pages\/215\/revisions\/1703"}],"wp:attachment":[{"href":"https:\/\/marienviertel.de\/zukunft\/index.php?rest_route=%2Fwp%2Fv2%2Fmedia&parent=215"}],"curies":[{"name":"wp","href":"https:\/\/api.w.org\/{rel}","templated":true}]}}