{"id":8,"date":"2015-06-18T22:40:37","date_gmt":"2015-06-18T20:40:37","guid":{"rendered":"http:\/\/marienviertel.de\/kulturkreis\/wordpress\/?page_id=8"},"modified":"2020-06-17T23:37:44","modified_gmt":"2020-06-17T21:37:44","slug":"geschichte","status":"publish","type":"page","link":"https:\/\/marienviertel.de\/kulturkreis\/geschichte\/","title":{"rendered":"\u00dcber uns"},"content":{"rendered":"<figure id=\"attachment_1759\" aria-describedby=\"caption-attachment-1759\" style=\"width: 1600px\" class=\"wp-caption alignnone\"><a href=\"https:\/\/marienviertel.de\/kulturkreis\/wordpress\/wp-content\/uploads\/2020\/06\/2020-06-16-Gartenbesuch-Gruppenbild-ohne-Dana-WhatsApp-Image-2020-06-17-at-22.39.51.jpeg\"><img loading=\"lazy\" decoding=\"async\" class=\"wp-image-1759 size-full\" src=\"https:\/\/marienviertel.de\/kulturkreis\/wordpress\/wp-content\/uploads\/2020\/06\/2020-06-16-Gartenbesuch-Gruppenbild-ohne-Dana-WhatsApp-Image-2020-06-17-at-22.39.51.jpeg\" alt=\"\" width=\"1600\" height=\"1200\" srcset=\"https:\/\/marienviertel.de\/kulturkreis\/wordpress\/wp-content\/uploads\/2020\/06\/2020-06-16-Gartenbesuch-Gruppenbild-ohne-Dana-WhatsApp-Image-2020-06-17-at-22.39.51.jpeg 1600w, https:\/\/marienviertel.de\/kulturkreis\/wordpress\/wp-content\/uploads\/2020\/06\/2020-06-16-Gartenbesuch-Gruppenbild-ohne-Dana-WhatsApp-Image-2020-06-17-at-22.39.51-300x225.jpeg 300w, https:\/\/marienviertel.de\/kulturkreis\/wordpress\/wp-content\/uploads\/2020\/06\/2020-06-16-Gartenbesuch-Gruppenbild-ohne-Dana-WhatsApp-Image-2020-06-17-at-22.39.51-1024x768.jpeg 1024w, https:\/\/marienviertel.de\/kulturkreis\/wordpress\/wp-content\/uploads\/2020\/06\/2020-06-16-Gartenbesuch-Gruppenbild-ohne-Dana-WhatsApp-Image-2020-06-17-at-22.39.51-768x576.jpeg 768w, https:\/\/marienviertel.de\/kulturkreis\/wordpress\/wp-content\/uploads\/2020\/06\/2020-06-16-Gartenbesuch-Gruppenbild-ohne-Dana-WhatsApp-Image-2020-06-17-at-22.39.51-1536x1152.jpeg 1536w\" sizes=\"auto, (max-width: 1600px) 100vw, 1600px\" \/><\/a><figcaption id=\"caption-attachment-1759\" class=\"wp-caption-text\">(Ausflug am 16.6.2020; es fehlt Dana Lippok)<\/figcaption><\/figure>\n<p>Der Kulturkreis St. Marien als Veranstalter ist hervorgegangen aus der seit mehr als 30 Jahren bestehenden Gruppe <strong><em>\u201eFrauen begegnen Frauen\u201c.<\/em><\/strong> Diese hat seit dem Jahr 2006 mit verschiedenen kulturellen Veranstaltungen \u00fcber <strong>12.000,00 \u20ac<\/strong> erwirtschaftet und dieses Geld an unterschiedliche Institutionen, wie z B. ein Kinderheim in Litauen, M\u00fctter in Not, den Ambulanten Hospizdienst und f\u00fcr die Kinder- und Jugendarbeit in Dorsten spenden k\u00f6nnen.<\/p>\n<p><a href=\"http:\/\/marienviertel.de\/kulturkreis\/wordpress\/wp-content\/uploads\/2015\/06\/G.-Feidmann034-2000.jpg\"><img loading=\"lazy\" decoding=\"async\" class=\"alignnone wp-image-63 size-full\" src=\"http:\/\/marienviertel.de\/kulturkreis\/wordpress\/wp-content\/uploads\/2015\/06\/G.-Feidmann034-2000.jpg\" alt=\"G. Feidmann034-2000\" width=\"2000\" height=\"1333\" srcset=\"https:\/\/marienviertel.de\/kulturkreis\/wordpress\/wp-content\/uploads\/2015\/06\/G.-Feidmann034-2000.jpg 2000w, https:\/\/marienviertel.de\/kulturkreis\/wordpress\/wp-content\/uploads\/2015\/06\/G.-Feidmann034-2000-300x200.jpg 300w, https:\/\/marienviertel.de\/kulturkreis\/wordpress\/wp-content\/uploads\/2015\/06\/G.-Feidmann034-2000-1024x682.jpg 1024w\" sizes=\"auto, (max-width: 2000px) 100vw, 2000px\" \/><\/a><\/p>\n<p>Ermutigt durch Anregung unserer Besucher, auch gr\u00f6\u00dfere Veranstaltungen anzubieten, sahen wir unseren Wunsch best\u00e4tigt, den Kirchenraum der Pfarrkirche St. Marien, der bekanntlich eine sehr gute Akustik hat, f\u00fcr Konzerte, Kultur und religi\u00f6se Veranstaltungen zu nutzen.<\/p>\n<p><strong><a href=\"https:\/\/de.wikipedia.org\/wiki\/St._Marien_(Dorsten)\">So beschreibt Wikipedia unsere &#8218;Kulturkirche&#8216;<\/a><\/strong><\/p>\n<p>Seit 2011 konnten wir der Stadt Dorsten einige besondere kulturelle H\u00f6hepunkte bieten.<\/p>\n<p>Seit Anfang 2016 kooperieren wir mit musik:landschaft westfalen, DEM\u00a0Sommerfestival in NRW mit Konzerten an besonderen Orten.<\/p>\n<p>Der soziale Aspekt bleibt wichtig: Im Juli 2013 konnten wir 1000,- \u20ac, im Juni 2014 500,- \u20ac spenden f\u00fcr die Unterst\u00fctzung der Jugendarbeit in unserer Stadt.<\/p>\n<p><strong>Unsere Highlights der letzten Jahre:<\/strong><\/p>\n<ul>\n<li>Vortrag und Diskussion mit Andreas Englisch, Vatikan-Experte<br \/>\n<a href=\"http:\/\/marienviertel.de\/kulturkreis\/wordpress\/wp-content\/uploads\/2017\/05\/IMG_3503.jpg\"><img loading=\"lazy\" decoding=\"async\" class=\"alignnone wp-image-645 size-full\" src=\"http:\/\/marienviertel.de\/kulturkreis\/wordpress\/wp-content\/uploads\/2017\/05\/IMG_3503.jpg\" alt=\"\" width=\"1024\" height=\"768\" srcset=\"https:\/\/marienviertel.de\/kulturkreis\/wordpress\/wp-content\/uploads\/2017\/05\/IMG_3503.jpg 1024w, https:\/\/marienviertel.de\/kulturkreis\/wordpress\/wp-content\/uploads\/2017\/05\/IMG_3503-300x225.jpg 300w, https:\/\/marienviertel.de\/kulturkreis\/wordpress\/wp-content\/uploads\/2017\/05\/IMG_3503-768x576.jpg 768w\" sizes=\"auto, (max-width: 1024px) 100vw, 1024px\" \/><\/a><\/li>\n<li>Notturno-Quartett<\/li>\n<li>Giora Feidman, Klezmer-Musik (3. Besuch Ende 2017)<\/li>\n<li>Dorstener Brahms-Chor (ein Mal pro Jahr)<\/li>\n<li>confido vocale &amp; camerata unter Leitung des Essener Dom-Kantors Wolfgang Endr\u00f6s (1 bis 3 Konzerte pro Jahr, tlw. zusammen mit dem Essener Domchor)<\/li>\n<li>Regensburger Domspatzen<\/li>\n<li>amarcord: 5 ehemalige Thomaner bereisen die Musikzentren der Welt<\/li>\n<li>LandesNaturTrompeten-Ensemble NRW<\/li>\n<li>Ludwig G\u00fcttler, Trompete, und Friedrich Kircheis an der Orgel<\/li>\n<li>Margot K\u00e4smann: Konzert und Meditation mit dem Blockfl\u00f6tisten Hans-J\u00fcrgen Hufeisen<\/li>\n<li>Justus Frantz<\/li>\n<li>musik:landschaft westfalen: Sommer-Konzerte an besonderen Orten<\/li>\n<li>u.v.a.m.<\/li>\n<\/ul>\n","protected":false},"excerpt":{"rendered":"<p>Der Kulturkreis St. Marien als Veranstalter ist hervorgegangen aus der seit mehr als 30 Jahren bestehenden Gruppe \u201eFrauen begegnen Frauen\u201c. Diese hat seit dem Jahr 2006 mit verschiedenen kulturellen Veranstaltungen \u00fcber 12.000,00 \u20ac erwirtschaftet und dieses Geld an unterschiedliche Institutionen, wie z B. ein Kinderheim in Litauen, M\u00fctter in Not, den Ambulanten Hospizdienst und f\u00fcr &hellip; <a href=\"https:\/\/marienviertel.de\/kulturkreis\/geschichte\/\" class=\"more-link\"><span class=\"screen-reader-text\">\u00dcber uns<\/span> weiterlesen <span class=\"meta-nav\">&rarr;<\/span><\/a><\/p>\n","protected":false},"author":1,"featured_media":0,"parent":0,"menu_order":40,"comment_status":"open","ping_status":"open","template":"","meta":{"jetpack_post_was_ever_published":false,"footnotes":""},"class_list":["post-8","page","type-page","status-publish","hentry"],"yoast_head":"<!-- This site is optimized with the Yoast SEO plugin v26.7 - https:\/\/yoast.com\/wordpress\/plugins\/seo\/ -->\n<title>\u00dcber uns - HOME | Kulturkreis St. Marien<\/title>\n<meta name=\"robots\" content=\"index, follow, max-snippet:-1, max-image-preview:large, max-video-preview:-1\" \/>\n<link rel=\"canonical\" href=\"https:\/\/marienviertel.de\/kulturkreis\/geschichte\/\" \/>\n<meta property=\"og:locale\" content=\"de_DE\" \/>\n<meta property=\"og:type\" content=\"article\" \/>\n<meta property=\"og:title\" content=\"\u00dcber uns - HOME | Kulturkreis St. Marien\" \/>\n<meta property=\"og:description\" content=\"Der Kulturkreis St. Marien als Veranstalter ist hervorgegangen aus der seit mehr als 30 Jahren bestehenden Gruppe \u201eFrauen begegnen Frauen\u201c. Diese hat seit dem Jahr 2006 mit verschiedenen kulturellen Veranstaltungen \u00fcber 12.000,00 \u20ac erwirtschaftet und dieses Geld an unterschiedliche Institutionen, wie z B. ein Kinderheim in Litauen, M\u00fctter in Not, den Ambulanten Hospizdienst und f\u00fcr &hellip; \u00dcber uns weiterlesen &rarr;\" \/>\n<meta property=\"og:url\" content=\"https:\/\/marienviertel.de\/kulturkreis\/geschichte\/\" \/>\n<meta property=\"og:site_name\" content=\"HOME | Kulturkreis St. Marien\" \/>\n<meta property=\"article:publisher\" content=\"https:\/\/www.facebook.com\/Marienviertel\/\" \/>\n<meta property=\"article:modified_time\" content=\"2020-06-17T21:37:44+00:00\" \/>\n<meta property=\"og:image\" content=\"https:\/\/marienviertel.de\/kulturkreis\/wordpress\/wp-content\/uploads\/2020\/06\/2020-06-16-Gartenbesuch-Gruppenbild-ohne-Dana-WhatsApp-Image-2020-06-17-at-22.39.51.jpeg\" \/>\n<meta name=\"twitter:card\" content=\"summary_large_image\" \/>\n<meta name=\"twitter:label1\" content=\"Gesch\u00e4tzte Lesezeit\" \/>\n\t<meta name=\"twitter:data1\" content=\"1\u00a0Minute\" \/>\n<script type=\"application\/ld+json\" class=\"yoast-schema-graph\">{\"@context\":\"https:\/\/schema.org\",\"@graph\":[{\"@type\":\"WebPage\",\"@id\":\"https:\/\/marienviertel.de\/kulturkreis\/geschichte\/\",\"url\":\"https:\/\/marienviertel.de\/kulturkreis\/geschichte\/\",\"name\":\"\u00dcber uns - HOME | Kulturkreis St. Marien\",\"isPartOf\":{\"@id\":\"https:\/\/marienviertel.de\/kulturkreis\/#website\"},\"primaryImageOfPage\":{\"@id\":\"https:\/\/marienviertel.de\/kulturkreis\/geschichte\/#primaryimage\"},\"image\":{\"@id\":\"https:\/\/marienviertel.de\/kulturkreis\/geschichte\/#primaryimage\"},\"thumbnailUrl\":\"https:\/\/marienviertel.de\/kulturkreis\/wordpress\/wp-content\/uploads\/2020\/06\/2020-06-16-Gartenbesuch-Gruppenbild-ohne-Dana-WhatsApp-Image-2020-06-17-at-22.39.51.jpeg\",\"datePublished\":\"2015-06-18T20:40:37+00:00\",\"dateModified\":\"2020-06-17T21:37:44+00:00\",\"breadcrumb\":{\"@id\":\"https:\/\/marienviertel.de\/kulturkreis\/geschichte\/#breadcrumb\"},\"inLanguage\":\"de\",\"potentialAction\":[{\"@type\":\"ReadAction\",\"target\":[\"https:\/\/marienviertel.de\/kulturkreis\/geschichte\/\"]}]},{\"@type\":\"ImageObject\",\"inLanguage\":\"de\",\"@id\":\"https:\/\/marienviertel.de\/kulturkreis\/geschichte\/#primaryimage\",\"url\":\"https:\/\/marienviertel.de\/kulturkreis\/wordpress\/wp-content\/uploads\/2020\/06\/2020-06-16-Gartenbesuch-Gruppenbild-ohne-Dana-WhatsApp-Image-2020-06-17-at-22.39.51.jpeg\",\"contentUrl\":\"https:\/\/marienviertel.de\/kulturkreis\/wordpress\/wp-content\/uploads\/2020\/06\/2020-06-16-Gartenbesuch-Gruppenbild-ohne-Dana-WhatsApp-Image-2020-06-17-at-22.39.51.jpeg\",\"width\":1600,\"height\":1200},{\"@type\":\"BreadcrumbList\",\"@id\":\"https:\/\/marienviertel.de\/kulturkreis\/geschichte\/#breadcrumb\",\"itemListElement\":[{\"@type\":\"ListItem\",\"position\":1,\"name\":\"Startseite\",\"item\":\"https:\/\/marienviertel.de\/kulturkreis\/\"},{\"@type\":\"ListItem\",\"position\":2,\"name\":\"\u00dcber uns\"}]},{\"@type\":\"WebSite\",\"@id\":\"https:\/\/marienviertel.de\/kulturkreis\/#website\",\"url\":\"https:\/\/marienviertel.de\/kulturkreis\/\",\"name\":\"HOME | Kulturkreis St. Marien\",\"description\":\"Herzlich willkommen!\",\"publisher\":{\"@id\":\"https:\/\/marienviertel.de\/kulturkreis\/#organization\"},\"potentialAction\":[{\"@type\":\"SearchAction\",\"target\":{\"@type\":\"EntryPoint\",\"urlTemplate\":\"https:\/\/marienviertel.de\/kulturkreis\/?s={search_term_string}\"},\"query-input\":{\"@type\":\"PropertyValueSpecification\",\"valueRequired\":true,\"valueName\":\"search_term_string\"}}],\"inLanguage\":\"de\"},{\"@type\":\"Organization\",\"@id\":\"https:\/\/marienviertel.de\/kulturkreis\/#organization\",\"name\":\"Kulturkreis St. Marien\",\"url\":\"https:\/\/marienviertel.de\/kulturkreis\/\",\"logo\":{\"@type\":\"ImageObject\",\"inLanguage\":\"de\",\"@id\":\"https:\/\/marienviertel.de\/kulturkreis\/#\/schema\/logo\/image\/\",\"url\":\"https:\/\/marienviertel.de\/kulturkreis\/wordpress\/wp-content\/uploads\/2015\/06\/Facebook-Logo-KK-2014.jpg\",\"contentUrl\":\"https:\/\/marienviertel.de\/kulturkreis\/wordpress\/wp-content\/uploads\/2015\/06\/Facebook-Logo-KK-2014.jpg\",\"width\":1045,\"height\":540,\"caption\":\"Kulturkreis St. Marien\"},\"image\":{\"@id\":\"https:\/\/marienviertel.de\/kulturkreis\/#\/schema\/logo\/image\/\"},\"sameAs\":[\"https:\/\/www.facebook.com\/Marienviertel\/\"]}]}<\/script>\n<!-- \/ Yoast SEO plugin. -->","yoast_head_json":{"title":"\u00dcber uns - HOME | Kulturkreis St. Marien","robots":{"index":"index","follow":"follow","max-snippet":"max-snippet:-1","max-image-preview":"max-image-preview:large","max-video-preview":"max-video-preview:-1"},"canonical":"https:\/\/marienviertel.de\/kulturkreis\/geschichte\/","og_locale":"de_DE","og_type":"article","og_title":"\u00dcber uns - HOME | Kulturkreis St. Marien","og_description":"Der Kulturkreis St. Marien als Veranstalter ist hervorgegangen aus der seit mehr als 30 Jahren bestehenden Gruppe \u201eFrauen begegnen Frauen\u201c. Diese hat seit dem Jahr 2006 mit verschiedenen kulturellen Veranstaltungen \u00fcber 12.000,00 \u20ac erwirtschaftet und dieses Geld an unterschiedliche Institutionen, wie z B. ein Kinderheim in Litauen, M\u00fctter in Not, den Ambulanten Hospizdienst und f\u00fcr &hellip; \u00dcber uns weiterlesen &rarr;","og_url":"https:\/\/marienviertel.de\/kulturkreis\/geschichte\/","og_site_name":"HOME | Kulturkreis St. Marien","article_publisher":"https:\/\/www.facebook.com\/Marienviertel\/","article_modified_time":"2020-06-17T21:37:44+00:00","og_image":[{"url":"https:\/\/marienviertel.de\/kulturkreis\/wordpress\/wp-content\/uploads\/2020\/06\/2020-06-16-Gartenbesuch-Gruppenbild-ohne-Dana-WhatsApp-Image-2020-06-17-at-22.39.51.jpeg","type":"","width":"","height":""}],"twitter_card":"summary_large_image","twitter_misc":{"Gesch\u00e4tzte Lesezeit":"1\u00a0Minute"},"schema":{"@context":"https:\/\/schema.org","@graph":[{"@type":"WebPage","@id":"https:\/\/marienviertel.de\/kulturkreis\/geschichte\/","url":"https:\/\/marienviertel.de\/kulturkreis\/geschichte\/","name":"\u00dcber uns - HOME | Kulturkreis St. Marien","isPartOf":{"@id":"https:\/\/marienviertel.de\/kulturkreis\/#website"},"primaryImageOfPage":{"@id":"https:\/\/marienviertel.de\/kulturkreis\/geschichte\/#primaryimage"},"image":{"@id":"https:\/\/marienviertel.de\/kulturkreis\/geschichte\/#primaryimage"},"thumbnailUrl":"https:\/\/marienviertel.de\/kulturkreis\/wordpress\/wp-content\/uploads\/2020\/06\/2020-06-16-Gartenbesuch-Gruppenbild-ohne-Dana-WhatsApp-Image-2020-06-17-at-22.39.51.jpeg","datePublished":"2015-06-18T20:40:37+00:00","dateModified":"2020-06-17T21:37:44+00:00","breadcrumb":{"@id":"https:\/\/marienviertel.de\/kulturkreis\/geschichte\/#breadcrumb"},"inLanguage":"de","potentialAction":[{"@type":"ReadAction","target":["https:\/\/marienviertel.de\/kulturkreis\/geschichte\/"]}]},{"@type":"ImageObject","inLanguage":"de","@id":"https:\/\/marienviertel.de\/kulturkreis\/geschichte\/#primaryimage","url":"https:\/\/marienviertel.de\/kulturkreis\/wordpress\/wp-content\/uploads\/2020\/06\/2020-06-16-Gartenbesuch-Gruppenbild-ohne-Dana-WhatsApp-Image-2020-06-17-at-22.39.51.jpeg","contentUrl":"https:\/\/marienviertel.de\/kulturkreis\/wordpress\/wp-content\/uploads\/2020\/06\/2020-06-16-Gartenbesuch-Gruppenbild-ohne-Dana-WhatsApp-Image-2020-06-17-at-22.39.51.jpeg","width":1600,"height":1200},{"@type":"BreadcrumbList","@id":"https:\/\/marienviertel.de\/kulturkreis\/geschichte\/#breadcrumb","itemListElement":[{"@type":"ListItem","position":1,"name":"Startseite","item":"https:\/\/marienviertel.de\/kulturkreis\/"},{"@type":"ListItem","position":2,"name":"\u00dcber uns"}]},{"@type":"WebSite","@id":"https:\/\/marienviertel.de\/kulturkreis\/#website","url":"https:\/\/marienviertel.de\/kulturkreis\/","name":"HOME | Kulturkreis St. Marien","description":"Herzlich willkommen!","publisher":{"@id":"https:\/\/marienviertel.de\/kulturkreis\/#organization"},"potentialAction":[{"@type":"SearchAction","target":{"@type":"EntryPoint","urlTemplate":"https:\/\/marienviertel.de\/kulturkreis\/?s={search_term_string}"},"query-input":{"@type":"PropertyValueSpecification","valueRequired":true,"valueName":"search_term_string"}}],"inLanguage":"de"},{"@type":"Organization","@id":"https:\/\/marienviertel.de\/kulturkreis\/#organization","name":"Kulturkreis St. Marien","url":"https:\/\/marienviertel.de\/kulturkreis\/","logo":{"@type":"ImageObject","inLanguage":"de","@id":"https:\/\/marienviertel.de\/kulturkreis\/#\/schema\/logo\/image\/","url":"https:\/\/marienviertel.de\/kulturkreis\/wordpress\/wp-content\/uploads\/2015\/06\/Facebook-Logo-KK-2014.jpg","contentUrl":"https:\/\/marienviertel.de\/kulturkreis\/wordpress\/wp-content\/uploads\/2015\/06\/Facebook-Logo-KK-2014.jpg","width":1045,"height":540,"caption":"Kulturkreis St. Marien"},"image":{"@id":"https:\/\/marienviertel.de\/kulturkreis\/#\/schema\/logo\/image\/"},"sameAs":["https:\/\/www.facebook.com\/Marienviertel\/"]}]}},"jetpack_sharing_enabled":true,"jetpack_shortlink":"https:\/\/wp.me\/P7zbXy-8","_links":{"self":[{"href":"https:\/\/marienviertel.de\/kulturkreis\/wp-json\/wp\/v2\/pages\/8","targetHints":{"allow":["GET"]}}],"collection":[{"href":"https:\/\/marienviertel.de\/kulturkreis\/wp-json\/wp\/v2\/pages"}],"about":[{"href":"https:\/\/marienviertel.de\/kulturkreis\/wp-json\/wp\/v2\/types\/page"}],"author":[{"embeddable":true,"href":"https:\/\/marienviertel.de\/kulturkreis\/wp-json\/wp\/v2\/users\/1"}],"replies":[{"embeddable":true,"href":"https:\/\/marienviertel.de\/kulturkreis\/wp-json\/wp\/v2\/comments?post=8"}],"version-history":[{"count":13,"href":"https:\/\/marienviertel.de\/kulturkreis\/wp-json\/wp\/v2\/pages\/8\/revisions"}],"predecessor-version":[{"id":1761,"href":"https:\/\/marienviertel.de\/kulturkreis\/wp-json\/wp\/v2\/pages\/8\/revisions\/1761"}],"wp:attachment":[{"href":"https:\/\/marienviertel.de\/kulturkreis\/wp-json\/wp\/v2\/media?parent=8"}],"curies":[{"name":"wp","href":"https:\/\/api.w.org\/{rel}","templated":true}]}}