{"id":1223,"date":"2019-02-07T12:52:27","date_gmt":"2019-02-07T11:52:27","guid":{"rendered":"https:\/\/marienviertel.de\/kulturkreis\/?page_id=1223"},"modified":"2022-04-10T00:39:07","modified_gmt":"2022-04-09T22:39:07","slug":"news","status":"publish","type":"page","link":"https:\/\/marienviertel.de\/kulturkreis\/news\/","title":{"rendered":"Newsletter"},"content":{"rendered":"<h5><span style=\"color: #000000;\">Liebe Freundinnen und Freunde des Kulturkreises St. Marien,<\/span><\/h5>\n<p><span style=\"color: #000000;\">f\u00fcr den Newsletter-Versand sind die Bestimmungen der EU-Datenschutzgrundverordnung umzusetzen <em>(weitere Informationen am Ende dieser Seite)<\/em>.<\/span><\/p>\n<p><span style=\"color: #000000;\">Dazu ist es erforderlich, sich f\u00fcr den Kulturkreis-Newsletter zu registrieren.\u00a0 Nach der Anmeldung erhalten Sie eine Mail mit einem Link, um zu best\u00e4tigen, dass Sie selbst die Zusendung des Newsletters w\u00fcnschen.<\/span><br \/>\n<span style=\"color: #000000;\">Erst wenn diese Best\u00e4tigung erfolgt ist, erhalten Sie den Newsletter per E-Mail.<\/span><\/p>\n<p><strong><span style=\"color: #000000; font-size: 18pt;\"><a style=\"color: #000000;\" href=\"https:\/\/subscribe.newsletter2go.com\/?n2g=dfja9jrb-jkj6tx0n-l5r&amp;amp;_ga=2.34762402.2005968712.1526313296-1565975936.1526313296\">Anmeldung zum<\/a><\/span><span style=\"color: #000000; font-size: 18pt;\"><a style=\"color: #000000;\" href=\"https:\/\/subscribe.newsletter2go.com\/?n2g=dfja9jrb-jkj6tx0n-l5r&amp;amp;_ga=2.34762402.2005968712.1526313296-1565975936.1526313296\"> Newsletter<\/a><\/span><\/strong><\/p>\n<p><span style=\"color: #000000;\"><script id=\"n2g_script\">\n!function(e,t,n,c,r,a,i){e.Newsletter2GoTrackingObject=r,e[r]=e[r]||function(){(e[r].q=e[r].q||[]).push(arguments)},e[r].l=1*new Date,a=t.createElement(n),i=t.getElementsByTagName(n)[0],a.async=1,a.src=c,i.parentNode.insertBefore(a,i)}(window,document,\"script\",\"https:\/\/static.newsletter2go.com\/utils.js\",\"n2g\");\nn2g('create', 'dfja9jrb-jkj6tx0n-l5r');\nn2g('subscribe:createForm');\n<\/script><\/span><\/p>\n<h3><span style=\"color: #000000; font-size: 18pt;\"><a style=\"color: #000000;\" href=\"http:\/\/unsubscribe.newsletter2go.com\/form.html?n2g=dfja9jrb-jkj6tx0n-l5r&amp;_ga=2.240198400.2005968712.1526313296-1565975936.1526313296\">Abmeldung vom Newsletter<\/a><\/span><\/h3>\n<p>&nbsp;<\/p>\n<h5><span style=\"color: #000000;\"><strong>Weitere Informationen<\/strong><\/span><\/h5>\n<p><span style=\"color: #000000;\">Ab dem 25. Mai 2018 ist der Newsletter-Versand aus einer auf einem PC gespeicherten E-Mail-Liste heraus aus datenschutzrechtlichen Gr\u00fcnden nicht mehr zul\u00e4ssig.<\/span><br \/>\n<span style=\"color: #000000;\">Die rechtlichen Bestimmungen sind halt so \u2013 und zu befolgen.<\/span><\/p>\n<p><span style=\"color: #000000;\">Wesentliche Grunds\u00e4tze ergeben sich f\u00fcr den Newsletter-Versand:<\/span><br \/>\n<span style=\"color: #000000;\">Die <strong>Anmeldung<\/strong> muss \u00fcber ein sogenanntes <strong>&#8218;Double Opt-In&#8216;<\/strong>-Verfahren geschehen: Sie melden sich mit Ihrer E-Mail-Adresse an, erhalten an diese Adresse eine Best\u00e4tigungsmail, stimmen mit einem Klick dem Newsletter-Empfang zu \u2013 fertig.<\/span><br \/>\n<span style=\"color: #000000;\">Damit soll vermieden werden, dass irgendjemand sich ohne Ihr Wissen mit Ihrer Mailadresse anmeldet und Sie von unerw\u00fcnschten Mails bel\u00e4stigt werden.<\/span><br \/>\n<span style=\"color: #000000;\">Wichtig und auch so von uns praktiziert: <strong>nur notwendige Daten<\/strong>\u00a0(also die E-Mail-Adresse) d\u00fcrfen angefordert werden. Name, Vorname, Wohnort, Geschlecht &#8230; sind f\u00fcr unseren Newsletter-Versand nicht wichtig, waren es auch nie.<\/span><br \/>\n<span style=\"color: #000000;\">Jeder Newsletter muss eine <strong>Abmelde-Option<\/strong> (&#8218;Opt-Out&#8216;) enthalten; diese muss automatisch erfolgen. Die Abmelde-Option fanden Sie bisher auch schon am Ende jedes Newsletters; das Austragen erfolgte jedoch h\u00e4ndisch.<\/span><br \/>\n<span style=\"color: #000000;\">Ihre E-Mail-Adresse\u00a0 f\u00fcr den Newsletter-Versand muss auf einem Server gespeichert werden, der sich <strong>innerhalb der EU<\/strong> befindet, da die Datenschutz-Grundverordnung nur in der EU gilt und Sie so zuverl\u00e4ssig vor Datenmissbrauch sch\u00fctzt. Mit der T\u00dcV-zertifizierten Firma <a style=\"color: #000000;\" href=\"http:\/\/newsletter2go.de\">Newsletter2Go<\/a> haben wir einen kostenlosen Newsletter-Provider gew\u00e4hlt, der seinen Sitz in Deutschland hat, also deutschem Recht unterliegt, und seine Server nur in Deutschland betreibt.<\/span><br \/>\n<span style=\"color: #000000;\"><strong>Ihre Daten und deren Schutz sind uns wichtig!<\/strong><\/span><\/p>\n<p><span style=\"color: #000000;\">F\u00fcr den Kulturkreis St. Marien<\/span><br \/>\n<span style=\"color: #000000;\">Johannes Wulf, Web-Administrator<\/span><\/p>\n","protected":false},"excerpt":{"rendered":"<p>Liebe Freundinnen und Freunde des Kulturkreises St. Marien, f\u00fcr den Newsletter-Versand sind die Bestimmungen der EU-Datenschutzgrundverordnung umzusetzen (weitere Informationen am Ende dieser Seite). Dazu ist es erforderlich, sich f\u00fcr den Kulturkreis-Newsletter zu registrieren.\u00a0 Nach der Anmeldung erhalten Sie eine Mail mit einem Link, um zu best\u00e4tigen, dass Sie selbst die Zusendung des Newsletters w\u00fcnschen. Erst &hellip; <a href=\"https:\/\/marienviertel.de\/kulturkreis\/news\/\" class=\"more-link\"><span class=\"screen-reader-text\">Newsletter<\/span> weiterlesen <span class=\"meta-nav\">&rarr;<\/span><\/a><\/p>\n","protected":false},"author":2,"featured_media":0,"parent":0,"menu_order":0,"comment_status":"closed","ping_status":"closed","template":"","meta":{"jetpack_post_was_ever_published":false,"footnotes":""},"class_list":["post-1223","page","type-page","status-publish","hentry"],"yoast_head":"<!-- This site is optimized with the Yoast SEO plugin v26.7 - https:\/\/yoast.com\/wordpress\/plugins\/seo\/ -->\n<title>Newsletter - HOME | Kulturkreis St. Marien<\/title>\n<meta name=\"robots\" content=\"index, follow, max-snippet:-1, max-image-preview:large, max-video-preview:-1\" \/>\n<link rel=\"canonical\" href=\"https:\/\/marienviertel.de\/kulturkreis\/news\/\" \/>\n<meta property=\"og:locale\" content=\"de_DE\" \/>\n<meta property=\"og:type\" content=\"article\" \/>\n<meta property=\"og:title\" content=\"Newsletter - HOME | Kulturkreis St. Marien\" \/>\n<meta property=\"og:description\" content=\"Liebe Freundinnen und Freunde des Kulturkreises St. Marien, f\u00fcr den Newsletter-Versand sind die Bestimmungen der EU-Datenschutzgrundverordnung umzusetzen (weitere Informationen am Ende dieser Seite). Dazu ist es erforderlich, sich f\u00fcr den Kulturkreis-Newsletter zu registrieren.\u00a0 Nach der Anmeldung erhalten Sie eine Mail mit einem Link, um zu best\u00e4tigen, dass Sie selbst die Zusendung des Newsletters w\u00fcnschen. Erst &hellip; Newsletter weiterlesen &rarr;\" \/>\n<meta property=\"og:url\" content=\"https:\/\/marienviertel.de\/kulturkreis\/news\/\" \/>\n<meta property=\"og:site_name\" content=\"HOME | Kulturkreis St. Marien\" \/>\n<meta property=\"article:publisher\" content=\"https:\/\/www.facebook.com\/Marienviertel\/\" \/>\n<meta property=\"article:modified_time\" content=\"2022-04-09T22:39:07+00:00\" \/>\n<meta name=\"twitter:card\" content=\"summary_large_image\" \/>\n<meta name=\"twitter:label1\" content=\"Gesch\u00e4tzte Lesezeit\" \/>\n\t<meta name=\"twitter:data1\" content=\"2\u00a0Minuten\" \/>\n<script type=\"application\/ld+json\" class=\"yoast-schema-graph\">{\"@context\":\"https:\/\/schema.org\",\"@graph\":[{\"@type\":\"WebPage\",\"@id\":\"https:\/\/marienviertel.de\/kulturkreis\/news\/\",\"url\":\"https:\/\/marienviertel.de\/kulturkreis\/news\/\",\"name\":\"Newsletter - HOME | Kulturkreis St. Marien\",\"isPartOf\":{\"@id\":\"https:\/\/marienviertel.de\/kulturkreis\/#website\"},\"datePublished\":\"2019-02-07T11:52:27+00:00\",\"dateModified\":\"2022-04-09T22:39:07+00:00\",\"breadcrumb\":{\"@id\":\"https:\/\/marienviertel.de\/kulturkreis\/news\/#breadcrumb\"},\"inLanguage\":\"de\",\"potentialAction\":[{\"@type\":\"ReadAction\",\"target\":[\"https:\/\/marienviertel.de\/kulturkreis\/news\/\"]}]},{\"@type\":\"BreadcrumbList\",\"@id\":\"https:\/\/marienviertel.de\/kulturkreis\/news\/#breadcrumb\",\"itemListElement\":[{\"@type\":\"ListItem\",\"position\":1,\"name\":\"Startseite\",\"item\":\"https:\/\/marienviertel.de\/kulturkreis\/\"},{\"@type\":\"ListItem\",\"position\":2,\"name\":\"Newsletter\"}]},{\"@type\":\"WebSite\",\"@id\":\"https:\/\/marienviertel.de\/kulturkreis\/#website\",\"url\":\"https:\/\/marienviertel.de\/kulturkreis\/\",\"name\":\"HOME | Kulturkreis St. Marien\",\"description\":\"Herzlich willkommen!\",\"publisher\":{\"@id\":\"https:\/\/marienviertel.de\/kulturkreis\/#organization\"},\"potentialAction\":[{\"@type\":\"SearchAction\",\"target\":{\"@type\":\"EntryPoint\",\"urlTemplate\":\"https:\/\/marienviertel.de\/kulturkreis\/?s={search_term_string}\"},\"query-input\":{\"@type\":\"PropertyValueSpecification\",\"valueRequired\":true,\"valueName\":\"search_term_string\"}}],\"inLanguage\":\"de\"},{\"@type\":\"Organization\",\"@id\":\"https:\/\/marienviertel.de\/kulturkreis\/#organization\",\"name\":\"Kulturkreis St. Marien\",\"url\":\"https:\/\/marienviertel.de\/kulturkreis\/\",\"logo\":{\"@type\":\"ImageObject\",\"inLanguage\":\"de\",\"@id\":\"https:\/\/marienviertel.de\/kulturkreis\/#\/schema\/logo\/image\/\",\"url\":\"https:\/\/marienviertel.de\/kulturkreis\/wordpress\/wp-content\/uploads\/2015\/06\/Facebook-Logo-KK-2014.jpg\",\"contentUrl\":\"https:\/\/marienviertel.de\/kulturkreis\/wordpress\/wp-content\/uploads\/2015\/06\/Facebook-Logo-KK-2014.jpg\",\"width\":1045,\"height\":540,\"caption\":\"Kulturkreis St. Marien\"},\"image\":{\"@id\":\"https:\/\/marienviertel.de\/kulturkreis\/#\/schema\/logo\/image\/\"},\"sameAs\":[\"https:\/\/www.facebook.com\/Marienviertel\/\"]}]}<\/script>\n<!-- \/ Yoast SEO plugin. -->","yoast_head_json":{"title":"Newsletter - HOME | Kulturkreis St. Marien","robots":{"index":"index","follow":"follow","max-snippet":"max-snippet:-1","max-image-preview":"max-image-preview:large","max-video-preview":"max-video-preview:-1"},"canonical":"https:\/\/marienviertel.de\/kulturkreis\/news\/","og_locale":"de_DE","og_type":"article","og_title":"Newsletter - HOME | Kulturkreis St. Marien","og_description":"Liebe Freundinnen und Freunde des Kulturkreises St. Marien, f\u00fcr den Newsletter-Versand sind die Bestimmungen der EU-Datenschutzgrundverordnung umzusetzen (weitere Informationen am Ende dieser Seite). Dazu ist es erforderlich, sich f\u00fcr den Kulturkreis-Newsletter zu registrieren.\u00a0 Nach der Anmeldung erhalten Sie eine Mail mit einem Link, um zu best\u00e4tigen, dass Sie selbst die Zusendung des Newsletters w\u00fcnschen. Erst &hellip; Newsletter weiterlesen &rarr;","og_url":"https:\/\/marienviertel.de\/kulturkreis\/news\/","og_site_name":"HOME | Kulturkreis St. Marien","article_publisher":"https:\/\/www.facebook.com\/Marienviertel\/","article_modified_time":"2022-04-09T22:39:07+00:00","twitter_card":"summary_large_image","twitter_misc":{"Gesch\u00e4tzte Lesezeit":"2\u00a0Minuten"},"schema":{"@context":"https:\/\/schema.org","@graph":[{"@type":"WebPage","@id":"https:\/\/marienviertel.de\/kulturkreis\/news\/","url":"https:\/\/marienviertel.de\/kulturkreis\/news\/","name":"Newsletter - HOME | Kulturkreis St. Marien","isPartOf":{"@id":"https:\/\/marienviertel.de\/kulturkreis\/#website"},"datePublished":"2019-02-07T11:52:27+00:00","dateModified":"2022-04-09T22:39:07+00:00","breadcrumb":{"@id":"https:\/\/marienviertel.de\/kulturkreis\/news\/#breadcrumb"},"inLanguage":"de","potentialAction":[{"@type":"ReadAction","target":["https:\/\/marienviertel.de\/kulturkreis\/news\/"]}]},{"@type":"BreadcrumbList","@id":"https:\/\/marienviertel.de\/kulturkreis\/news\/#breadcrumb","itemListElement":[{"@type":"ListItem","position":1,"name":"Startseite","item":"https:\/\/marienviertel.de\/kulturkreis\/"},{"@type":"ListItem","position":2,"name":"Newsletter"}]},{"@type":"WebSite","@id":"https:\/\/marienviertel.de\/kulturkreis\/#website","url":"https:\/\/marienviertel.de\/kulturkreis\/","name":"HOME | Kulturkreis St. Marien","description":"Herzlich willkommen!","publisher":{"@id":"https:\/\/marienviertel.de\/kulturkreis\/#organization"},"potentialAction":[{"@type":"SearchAction","target":{"@type":"EntryPoint","urlTemplate":"https:\/\/marienviertel.de\/kulturkreis\/?s={search_term_string}"},"query-input":{"@type":"PropertyValueSpecification","valueRequired":true,"valueName":"search_term_string"}}],"inLanguage":"de"},{"@type":"Organization","@id":"https:\/\/marienviertel.de\/kulturkreis\/#organization","name":"Kulturkreis St. Marien","url":"https:\/\/marienviertel.de\/kulturkreis\/","logo":{"@type":"ImageObject","inLanguage":"de","@id":"https:\/\/marienviertel.de\/kulturkreis\/#\/schema\/logo\/image\/","url":"https:\/\/marienviertel.de\/kulturkreis\/wordpress\/wp-content\/uploads\/2015\/06\/Facebook-Logo-KK-2014.jpg","contentUrl":"https:\/\/marienviertel.de\/kulturkreis\/wordpress\/wp-content\/uploads\/2015\/06\/Facebook-Logo-KK-2014.jpg","width":1045,"height":540,"caption":"Kulturkreis St. Marien"},"image":{"@id":"https:\/\/marienviertel.de\/kulturkreis\/#\/schema\/logo\/image\/"},"sameAs":["https:\/\/www.facebook.com\/Marienviertel\/"]}]}},"jetpack_sharing_enabled":true,"jetpack_shortlink":"https:\/\/wp.me\/P7zbXy-jJ","_links":{"self":[{"href":"https:\/\/marienviertel.de\/kulturkreis\/wp-json\/wp\/v2\/pages\/1223","targetHints":{"allow":["GET"]}}],"collection":[{"href":"https:\/\/marienviertel.de\/kulturkreis\/wp-json\/wp\/v2\/pages"}],"about":[{"href":"https:\/\/marienviertel.de\/kulturkreis\/wp-json\/wp\/v2\/types\/page"}],"author":[{"embeddable":true,"href":"https:\/\/marienviertel.de\/kulturkreis\/wp-json\/wp\/v2\/users\/2"}],"replies":[{"embeddable":true,"href":"https:\/\/marienviertel.de\/kulturkreis\/wp-json\/wp\/v2\/comments?post=1223"}],"version-history":[{"count":9,"href":"https:\/\/marienviertel.de\/kulturkreis\/wp-json\/wp\/v2\/pages\/1223\/revisions"}],"predecessor-version":[{"id":2142,"href":"https:\/\/marienviertel.de\/kulturkreis\/wp-json\/wp\/v2\/pages\/1223\/revisions\/2142"}],"wp:attachment":[{"href":"https:\/\/marienviertel.de\/kulturkreis\/wp-json\/wp\/v2\/media?parent=1223"}],"curies":[{"name":"wp","href":"https:\/\/api.w.org\/{rel}","templated":true}]}}