{"id":10,"date":"2015-06-18T22:41:04","date_gmt":"2015-06-18T20:41:04","guid":{"rendered":"http:\/\/marienviertel.de\/kulturkreis\/wordpress\/?page_id=10"},"modified":"2018-05-13T18:33:55","modified_gmt":"2018-05-13T16:33:55","slug":"impressum","status":"publish","type":"page","link":"https:\/\/marienviertel.de\/kulturkreis\/impressum\/","title":{"rendered":"Impressum"},"content":{"rendered":"<div align=\"center\"><\/div>\n<p><strong>Angaben gem\u00e4\u00df \u00a7 5 TMG:<\/strong><\/p>\n<p>Veranstalter:<br \/>\nKirchengemeinde St. Marien &amp; Kulturkreis St. Marien<br \/>\nAn der Marienkirche 11<br \/>\n46284 Dorsten<\/p>\n<p><strong>Vertreten durch:<\/strong><\/p>\n<p>Ansprechpartner:<\/p>\n<p>Ursula Bensch<br \/>\nTel.: 02362 64490<\/p>\n<p>Waltraud Gros:<br \/>\nTel.: 02362 69243<\/p>\n<p><strong>Kontakt:<br \/>\n<\/strong><strong>Verantwortlich f\u00fcr den Inhalt nach \u00a7 55 Abs. 2 RStV:<\/strong><\/p>\n<p>Pfarrb\u00fcro An der Marienkirche 11<br \/>\n46284 Dorsten<br \/>\nTel.: 02362 7949424<br \/>\n<a href=\"mailto:pfarrbuero@marienviertel.de\" target=\"_blank\" rel=\"noopener\">pfarrbuero@marienviertel.de<\/a><\/p>\n<p>E-Mail: <a href=\"mailto:kulturkreis@marienviertel.de\" target=\"_blank\" rel=\"noopener\">kulturkreis@marienviertel.de<\/a><\/p>\n<p>Web: <a href=\"http:\/\/www.marienviertel.de\/kulturkreis\" target=\"_blank\" rel=\"noopener\">www.marienviertel.de\/kulturkreis<\/a><\/p>\n<p>Facebook: <a href=\"http:\/\/www.facebook.com\/kulturkreismarien\" target=\"_blank\" rel=\"noopener\">www.facebook.com\/kulturkreismarien<\/a><\/p>\n<p>Die Erl\u00f6se unserer Veranstaltungen sind bestimmt f\u00fcr die Kinder- und Jugendarbeit in Dorsten.<\/p>\n<p>&#8212;&#8212;&#8212;&#8212;&#8212;&#8212;&#8212;&#8212;&#8212;&#8212;&#8212;&#8212;&#8212;&#8212;&#8212;&#8212;&#8212;&#8212;&#8212;&#8212;&#8212;&#8212;&#8212;&#8212;&#8212;&#8211;<\/p>\n<p>Ansprechpartner f\u00fcr Homepage und FB-Auftritt:<br \/>\nKorrektorat Johannes Wulf, <a href=\"mailto:post@wulfwebworks.de\" target=\"_blank\" rel=\"noopener\">post@wulfwebworks.de<br \/>\n<\/a><a href=\"http:\/\/www.wulfwebworks.de\" target=\"_blank\" rel=\"noopener\">www.wulfwebworks.de<\/a><\/p>\n<p>&#8212;&#8212;&#8212;&#8212;&#8212;&#8212;&#8212;&#8212;&#8212;&#8212;&#8212;&#8212;&#8212;&#8212;&#8212;&#8212;&#8212;&#8212;&#8212;&#8212;&#8212;&#8212;&#8212;&#8212;&#8212;-<\/p>\n<h1><\/h1>\n<h2><\/h2>\n<p><strong>Haftungsausschluss (Disclaimer)<\/strong><\/p>\n<p><strong>Haftung f\u00fcr Inhalte<\/strong><\/p>\n<p>Als Diensteanbieter sind wir gem\u00e4\u00df \u00a7 7 Abs.1 TMG f\u00fcr eigene Inhalte auf diesen Seiten nach den allgemeinen Gesetzen verantwortlich. Nach \u00a7\u00a7 8 bis 10 TMG sind wir als Diensteanbieter jedoch nicht verpflichtet, \u00fcbermittelte oder gespeicherte fremde Informationen zu \u00fcberwachen oder nach Umst\u00e4nden zu forschen, die auf eine rechtswidrige T\u00e4tigkeit hinweisen. Verpflichtungen zur Entfernung oder Sperrung der Nutzung von Informationen nach den allgemeinen Gesetzen bleiben hiervon unber\u00fchrt. Eine diesbez\u00fcgliche Haftung ist jedoch erst ab dem Zeitpunkt der Kenntnis einer konkreten Rechtsverletzung m\u00f6glich. Bei Bekanntwerden von entsprechenden Rechtsverletzungen werden wir diese Inhalte umgehend entfernen.<\/p>\n<p><strong>Haftung f\u00fcr Links<\/strong><\/p>\n<p>Unser Angebot enth\u00e4lt Links zu externen Webseiten Dritter, auf deren Inhalte wir keinen Einfluss haben. Deshalb k\u00f6nnen wir f\u00fcr diese fremden Inhalte auch keine Gew\u00e4hr \u00fcbernehmen. F\u00fcr die Inhalte der verlinkten Seiten ist stets der jeweilige Anbieter oder Betreiber der Seiten verantwortlich. Die verlinkten Seiten wurden zum Zeitpunkt der Verlinkung auf m\u00f6gliche Rechtsverst\u00f6\u00dfe \u00fcberpr\u00fcft. Rechtswidrige Inhalte waren zum Zeitpunkt der Verlinkung nicht erkennbar. Eine permanente inhaltliche Kontrolle der verlinkten Seiten ist jedoch ohne konkrete Anhaltspunkte einer Rechtsverletzung nicht zumutbar. Bei Bekanntwerden von Rechtsverletzungen werden wir derartige Links umgehend entfernen.<\/p>\n<p><strong>Urheberrecht<\/strong><\/p>\n<p>Die durch die Seitenbetreiber erstellten Inhalte und Werke auf diesen Seiten unterliegen dem deutschen Urheberrecht. Die Vervielf\u00e4ltigung, Bearbeitung, Verbreitung und jede Art der Verwertung au\u00dferhalb der Grenzen des Urheberrechtes bed\u00fcrfen der schriftlichen Zustimmung des jeweiligen Autors bzw. Erstellers. Downloads und Kopien dieser Seite sind nur f\u00fcr den privaten, nicht kommerziellen Gebrauch gestattet. Soweit die Inhalte auf dieser Seite nicht vom Betreiber erstellt wurden, werden die Urheberrechte Dritter beachtet. Insbesondere werden Inhalte Dritter als solche gekennzeichnet. Sollten Sie trotzdem auf eine Urheberrechtsverletzung aufmerksam werden, bitten wir um einen entsprechenden Hinweis. Bei Bekanntwerden von Rechtsverletzungen werden wir derartige Inhalte umgehend entfernen.<\/p>\n<p>&nbsp;<\/p>\n<div class=\"ig_attention\">\n<p><strong>Datenschutzerkl\u00e4rung:<\/strong><\/p>\n<p>Link zur\u00a0<a href=\"https:\/\/marienviertel.de\/datenschutzerklaerung\/\"><strong>Datenschutzerkl\u00e4rung<\/strong><\/a><\/p>\n<\/div>\n<p>&nbsp;<\/p>\n","protected":false},"excerpt":{"rendered":"<p>Angaben gem\u00e4\u00df \u00a7 5 TMG: Veranstalter: Kirchengemeinde St. Marien &amp; Kulturkreis St. Marien An der Marienkirche 11 46284 Dorsten Vertreten durch: Ansprechpartner: Ursula Bensch Tel.: 02362 64490 Waltraud Gros: Tel.: 02362 69243 Kontakt: Verantwortlich f\u00fcr den Inhalt nach \u00a7 55 Abs. 2 RStV: Pfarrb\u00fcro An der Marienkirche 11 46284 Dorsten Tel.: 02362 7949424 pfarrbuero@marienviertel.de E-Mail: &hellip; <a href=\"https:\/\/marienviertel.de\/kulturkreis\/impressum\/\" class=\"more-link\"><span class=\"screen-reader-text\">Impressum<\/span> weiterlesen <span class=\"meta-nav\">&rarr;<\/span><\/a><\/p>\n","protected":false},"author":1,"featured_media":0,"parent":0,"menu_order":50,"comment_status":"open","ping_status":"open","template":"","meta":{"jetpack_post_was_ever_published":false,"footnotes":""},"class_list":["post-10","page","type-page","status-publish","hentry"],"yoast_head":"<!-- This site is optimized with the Yoast SEO plugin v26.7 - https:\/\/yoast.com\/wordpress\/plugins\/seo\/ -->\n<title>Impressum - HOME | Kulturkreis St. Marien<\/title>\n<meta name=\"robots\" content=\"index, follow, max-snippet:-1, max-image-preview:large, max-video-preview:-1\" \/>\n<link rel=\"canonical\" href=\"https:\/\/marienviertel.de\/kulturkreis\/impressum\/\" \/>\n<meta property=\"og:locale\" content=\"de_DE\" \/>\n<meta property=\"og:type\" content=\"article\" \/>\n<meta property=\"og:title\" content=\"Impressum - HOME | Kulturkreis St. Marien\" \/>\n<meta property=\"og:description\" content=\"Angaben gem\u00e4\u00df \u00a7 5 TMG: Veranstalter: Kirchengemeinde St. Marien &amp; Kulturkreis St. Marien An der Marienkirche 11 46284 Dorsten Vertreten durch: Ansprechpartner: Ursula Bensch Tel.: 02362 64490 Waltraud Gros: Tel.: 02362 69243 Kontakt: Verantwortlich f\u00fcr den Inhalt nach \u00a7 55 Abs. 2 RStV: Pfarrb\u00fcro An der Marienkirche 11 46284 Dorsten Tel.: 02362 7949424 pfarrbuero@marienviertel.de E-Mail: &hellip; Impressum weiterlesen &rarr;\" \/>\n<meta property=\"og:url\" content=\"https:\/\/marienviertel.de\/kulturkreis\/impressum\/\" \/>\n<meta property=\"og:site_name\" content=\"HOME | Kulturkreis St. Marien\" \/>\n<meta property=\"article:publisher\" content=\"https:\/\/www.facebook.com\/Marienviertel\/\" \/>\n<meta property=\"article:modified_time\" content=\"2018-05-13T16:33:55+00:00\" \/>\n<meta name=\"twitter:card\" content=\"summary_large_image\" \/>\n<meta name=\"twitter:label1\" content=\"Gesch\u00e4tzte Lesezeit\" \/>\n\t<meta name=\"twitter:data1\" content=\"2\u00a0Minuten\" \/>\n<script type=\"application\/ld+json\" class=\"yoast-schema-graph\">{\"@context\":\"https:\/\/schema.org\",\"@graph\":[{\"@type\":\"WebPage\",\"@id\":\"https:\/\/marienviertel.de\/kulturkreis\/impressum\/\",\"url\":\"https:\/\/marienviertel.de\/kulturkreis\/impressum\/\",\"name\":\"Impressum - HOME | Kulturkreis St. Marien\",\"isPartOf\":{\"@id\":\"https:\/\/marienviertel.de\/kulturkreis\/#website\"},\"datePublished\":\"2015-06-18T20:41:04+00:00\",\"dateModified\":\"2018-05-13T16:33:55+00:00\",\"breadcrumb\":{\"@id\":\"https:\/\/marienviertel.de\/kulturkreis\/impressum\/#breadcrumb\"},\"inLanguage\":\"de\",\"potentialAction\":[{\"@type\":\"ReadAction\",\"target\":[\"https:\/\/marienviertel.de\/kulturkreis\/impressum\/\"]}]},{\"@type\":\"BreadcrumbList\",\"@id\":\"https:\/\/marienviertel.de\/kulturkreis\/impressum\/#breadcrumb\",\"itemListElement\":[{\"@type\":\"ListItem\",\"position\":1,\"name\":\"Startseite\",\"item\":\"https:\/\/marienviertel.de\/kulturkreis\/\"},{\"@type\":\"ListItem\",\"position\":2,\"name\":\"Impressum\"}]},{\"@type\":\"WebSite\",\"@id\":\"https:\/\/marienviertel.de\/kulturkreis\/#website\",\"url\":\"https:\/\/marienviertel.de\/kulturkreis\/\",\"name\":\"HOME | Kulturkreis St. Marien\",\"description\":\"Herzlich willkommen!\",\"publisher\":{\"@id\":\"https:\/\/marienviertel.de\/kulturkreis\/#organization\"},\"potentialAction\":[{\"@type\":\"SearchAction\",\"target\":{\"@type\":\"EntryPoint\",\"urlTemplate\":\"https:\/\/marienviertel.de\/kulturkreis\/?s={search_term_string}\"},\"query-input\":{\"@type\":\"PropertyValueSpecification\",\"valueRequired\":true,\"valueName\":\"search_term_string\"}}],\"inLanguage\":\"de\"},{\"@type\":\"Organization\",\"@id\":\"https:\/\/marienviertel.de\/kulturkreis\/#organization\",\"name\":\"Kulturkreis St. Marien\",\"url\":\"https:\/\/marienviertel.de\/kulturkreis\/\",\"logo\":{\"@type\":\"ImageObject\",\"inLanguage\":\"de\",\"@id\":\"https:\/\/marienviertel.de\/kulturkreis\/#\/schema\/logo\/image\/\",\"url\":\"https:\/\/marienviertel.de\/kulturkreis\/wordpress\/wp-content\/uploads\/2015\/06\/Facebook-Logo-KK-2014.jpg\",\"contentUrl\":\"https:\/\/marienviertel.de\/kulturkreis\/wordpress\/wp-content\/uploads\/2015\/06\/Facebook-Logo-KK-2014.jpg\",\"width\":1045,\"height\":540,\"caption\":\"Kulturkreis St. Marien\"},\"image\":{\"@id\":\"https:\/\/marienviertel.de\/kulturkreis\/#\/schema\/logo\/image\/\"},\"sameAs\":[\"https:\/\/www.facebook.com\/Marienviertel\/\"]}]}<\/script>\n<!-- \/ Yoast SEO plugin. -->","yoast_head_json":{"title":"Impressum - HOME | Kulturkreis St. Marien","robots":{"index":"index","follow":"follow","max-snippet":"max-snippet:-1","max-image-preview":"max-image-preview:large","max-video-preview":"max-video-preview:-1"},"canonical":"https:\/\/marienviertel.de\/kulturkreis\/impressum\/","og_locale":"de_DE","og_type":"article","og_title":"Impressum - HOME | Kulturkreis St. Marien","og_description":"Angaben gem\u00e4\u00df \u00a7 5 TMG: Veranstalter: Kirchengemeinde St. Marien &amp; Kulturkreis St. Marien An der Marienkirche 11 46284 Dorsten Vertreten durch: Ansprechpartner: Ursula Bensch Tel.: 02362 64490 Waltraud Gros: Tel.: 02362 69243 Kontakt: Verantwortlich f\u00fcr den Inhalt nach \u00a7 55 Abs. 2 RStV: Pfarrb\u00fcro An der Marienkirche 11 46284 Dorsten Tel.: 02362 7949424 pfarrbuero@marienviertel.de E-Mail: &hellip; Impressum weiterlesen &rarr;","og_url":"https:\/\/marienviertel.de\/kulturkreis\/impressum\/","og_site_name":"HOME | Kulturkreis St. Marien","article_publisher":"https:\/\/www.facebook.com\/Marienviertel\/","article_modified_time":"2018-05-13T16:33:55+00:00","twitter_card":"summary_large_image","twitter_misc":{"Gesch\u00e4tzte Lesezeit":"2\u00a0Minuten"},"schema":{"@context":"https:\/\/schema.org","@graph":[{"@type":"WebPage","@id":"https:\/\/marienviertel.de\/kulturkreis\/impressum\/","url":"https:\/\/marienviertel.de\/kulturkreis\/impressum\/","name":"Impressum - HOME | Kulturkreis St. Marien","isPartOf":{"@id":"https:\/\/marienviertel.de\/kulturkreis\/#website"},"datePublished":"2015-06-18T20:41:04+00:00","dateModified":"2018-05-13T16:33:55+00:00","breadcrumb":{"@id":"https:\/\/marienviertel.de\/kulturkreis\/impressum\/#breadcrumb"},"inLanguage":"de","potentialAction":[{"@type":"ReadAction","target":["https:\/\/marienviertel.de\/kulturkreis\/impressum\/"]}]},{"@type":"BreadcrumbList","@id":"https:\/\/marienviertel.de\/kulturkreis\/impressum\/#breadcrumb","itemListElement":[{"@type":"ListItem","position":1,"name":"Startseite","item":"https:\/\/marienviertel.de\/kulturkreis\/"},{"@type":"ListItem","position":2,"name":"Impressum"}]},{"@type":"WebSite","@id":"https:\/\/marienviertel.de\/kulturkreis\/#website","url":"https:\/\/marienviertel.de\/kulturkreis\/","name":"HOME | Kulturkreis St. Marien","description":"Herzlich willkommen!","publisher":{"@id":"https:\/\/marienviertel.de\/kulturkreis\/#organization"},"potentialAction":[{"@type":"SearchAction","target":{"@type":"EntryPoint","urlTemplate":"https:\/\/marienviertel.de\/kulturkreis\/?s={search_term_string}"},"query-input":{"@type":"PropertyValueSpecification","valueRequired":true,"valueName":"search_term_string"}}],"inLanguage":"de"},{"@type":"Organization","@id":"https:\/\/marienviertel.de\/kulturkreis\/#organization","name":"Kulturkreis St. Marien","url":"https:\/\/marienviertel.de\/kulturkreis\/","logo":{"@type":"ImageObject","inLanguage":"de","@id":"https:\/\/marienviertel.de\/kulturkreis\/#\/schema\/logo\/image\/","url":"https:\/\/marienviertel.de\/kulturkreis\/wordpress\/wp-content\/uploads\/2015\/06\/Facebook-Logo-KK-2014.jpg","contentUrl":"https:\/\/marienviertel.de\/kulturkreis\/wordpress\/wp-content\/uploads\/2015\/06\/Facebook-Logo-KK-2014.jpg","width":1045,"height":540,"caption":"Kulturkreis St. Marien"},"image":{"@id":"https:\/\/marienviertel.de\/kulturkreis\/#\/schema\/logo\/image\/"},"sameAs":["https:\/\/www.facebook.com\/Marienviertel\/"]}]}},"jetpack_sharing_enabled":true,"jetpack_shortlink":"https:\/\/wp.me\/P7zbXy-a","_links":{"self":[{"href":"https:\/\/marienviertel.de\/kulturkreis\/wp-json\/wp\/v2\/pages\/10","targetHints":{"allow":["GET"]}}],"collection":[{"href":"https:\/\/marienviertel.de\/kulturkreis\/wp-json\/wp\/v2\/pages"}],"about":[{"href":"https:\/\/marienviertel.de\/kulturkreis\/wp-json\/wp\/v2\/types\/page"}],"author":[{"embeddable":true,"href":"https:\/\/marienviertel.de\/kulturkreis\/wp-json\/wp\/v2\/users\/1"}],"replies":[{"embeddable":true,"href":"https:\/\/marienviertel.de\/kulturkreis\/wp-json\/wp\/v2\/comments?post=10"}],"version-history":[{"count":10,"href":"https:\/\/marienviertel.de\/kulturkreis\/wp-json\/wp\/v2\/pages\/10\/revisions"}],"predecessor-version":[{"id":972,"href":"https:\/\/marienviertel.de\/kulturkreis\/wp-json\/wp\/v2\/pages\/10\/revisions\/972"}],"wp:attachment":[{"href":"https:\/\/marienviertel.de\/kulturkreis\/wp-json\/wp\/v2\/media?parent=10"}],"curies":[{"name":"wp","href":"https:\/\/api.w.org\/{rel}","templated":true}]}}